{"id":52,"date":"2013-08-26T18:56:39","date_gmt":"2013-08-26T16:56:39","guid":{"rendered":"https:\/\/www.rg-civilengineering.com\/?page_id=52"},"modified":"2018-10-24T22:52:32","modified_gmt":"2018-10-24T20:52:32","slug":"consultoria-estrategica","status":"publish","type":"page","link":"https:\/\/www.rg-civilengineering.com\/es\/consultoria-estrategica\/","title":{"rendered":"Consultor\u00eda Estrat\u00e9gica"},"content":{"rendered":"<div class=\"fusion-fullwidth fullwidth-box fusion-builder-row-1 nonhundred-percent-fullwidth non-hundred-percent-height-scrolling\" style=\"--awb-border-radius-top-left:0px;--awb-border-radius-top-right:0px;--awb-border-radius-bottom-right:0px;--awb-border-radius-bottom-left:0px;--awb-flex-wrap:wrap;\" ><div class=\"fusion-builder-row fusion-row\"><div class=\"fusion-layout-column fusion_builder_column fusion-builder-column-0 fusion_builder_column_2_5 2_5 fusion-two-fifth fusion-column-first\" style=\"--awb-bg-size:cover;width:40%;width:calc(40% - ( ( 4% + 4% ) * 0.4 ) );margin-right: 4%;\"><div class=\"fusion-column-wrapper fusion-flex-column-wrapper-legacy\"><div class=\"fusion-image-element in-legacy-container\" style=\"--awb-caption-title-font-family:var(--h2_typography-font-family);--awb-caption-title-font-weight:var(--h2_typography-font-weight);--awb-caption-title-font-style:var(--h2_typography-font-style);--awb-caption-title-size:var(--h2_typography-font-size);--awb-caption-title-transform:var(--h2_typography-text-transform);--awb-caption-title-line-height:var(--h2_typography-line-height);--awb-caption-title-letter-spacing:var(--h2_typography-letter-spacing);\"><span class=\" fusion-imageframe imageframe-none imageframe-1 hover-type-none\"><img decoding=\"async\" width=\"800\" height=\"523\" title=\"RG_Civil_Engineering_consultoria_estrategica\" src=\"https:\/\/www.rg-civilengineering.com\/wp-content\/uploads\/RG_Civil_Engineering_consultoria_estrategica.jpg\" alt class=\"img-responsive wp-image-209\" srcset=\"https:\/\/www.rg-civilengineering.com\/wp-content\/uploads\/RG_Civil_Engineering_consultoria_estrategica-200x131.jpg 200w, https:\/\/www.rg-civilengineering.com\/wp-content\/uploads\/RG_Civil_Engineering_consultoria_estrategica-400x262.jpg 400w, https:\/\/www.rg-civilengineering.com\/wp-content\/uploads\/RG_Civil_Engineering_consultoria_estrategica-600x392.jpg 600w, https:\/\/www.rg-civilengineering.com\/wp-content\/uploads\/RG_Civil_Engineering_consultoria_estrategica.jpg 800w\" sizes=\"(max-width: 800px) 100vw, 600px\" \/><\/span><\/div><div class=\"fusion-clearfix\"><\/div><\/div><\/div><div class=\"fusion-layout-column fusion_builder_column fusion-builder-column-1 fusion_builder_column_2_5 2_5 fusion-two-fifth\" style=\"--awb-bg-size:cover;width:40%;width:calc(40% - ( ( 4% + 4% ) * 0.4 ) );margin-right: 4%;\"><div class=\"fusion-column-wrapper fusion-flex-column-wrapper-legacy\"><div class=\"fusion-text fusion-text-1\"><div class=\"subtitulo\">Innovaci\u00f3n Tecnol\u00f3gica, Internacionalizaci\u00f3n, An\u00e1lisis de Inversiones<\/div>\n<\/div><div class=\"fusion-text fusion-text-2\"><p style=\"text-align: justify;\">En RG ofrecemos servicios de consultor\u00eda estrat\u00e9gica para facilitar y orientar la toma de decisiones para las empresas del campo de las infraestructuras y la energ\u00eda.<\/p>\n<ul style=\"text-align: justify;\">\n<li><strong>Innovaci\u00f3n Tecnol\u00f3gica<\/strong>: transferencia tecnol\u00f3gica, <em>know-how<\/em>, implementaci\u00f3n de soluciones de tecnolog\u00eda avanzada.<\/li>\n<li><strong>Internacionalizaci\u00f3n<\/strong>: estudios \u00a0de estrategia corporativa para potenciar la internacionalizaci\u00f3n y consolidaci\u00f3n de las compa\u00f1\u00edas en el exterior, planes estrat\u00e9gicos, seguimiento de la planificaci\u00f3n.<\/li>\n<li><strong>An\u00e1lisis de inversiones<\/strong>: estudios t\u00e9cnicos y financiero\/contables de viabilidad, dise\u00f1o de planes de actuaci\u00f3n, seguimiento de las inversiones.<\/li>\n<\/ul>\n<p style=\"text-align: justify;\">Asimismo realizamos estudios particularizados para el caso de cada compa\u00f1\u00eda y cada reto que \u00e9stas afrontan en el campo de la toma de decisiones, mediante la implementaci\u00f3n de un riguroso sistema integral de toma de decisi\u00f3n y an\u00e1lisis multicriterio.<\/p>\n<\/div><div class=\"fusion-clearfix\"><\/div><\/div><\/div><div class=\"fusion-layout-column fusion_builder_column fusion-builder-column-2 fusion_builder_column_1_5 1_5 fusion-one-fifth fusion-column-last\" style=\"--awb-bg-size:cover;width:20%;width:calc(20% - ( ( 4% + 4% ) * 0.2 ) );\"><div class=\"fusion-column-wrapper fusion-flex-column-wrapper-legacy\"><div class=\"fusion-text fusion-text-3\"><div class=\"projects-sb\"><img decoding=\"async\" src=\"https:\/\/www.rg-civilengineering.com\/wp-content\/uploads\/proyectos-urbanismo-b.jpg\" alt=\"proyectos-urbanismo\" \/><img decoding=\"async\" src=\"https:\/\/www.rg-civilengineering.com\/wp-content\/uploads\/proyectos-agua-energia-b.jpg\" alt=\"proyectos-agua-energia\" \/><img decoding=\"async\" src=\"https:\/\/www.rg-civilengineering.com\/wp-content\/uploads\/proyectos-transporte-b.jpg\" alt=\"proyectos-transporte\" \/><a class=\"projects-button\" href=\"https:\/\/www.rg-civilengineering.com\/filosofia-y-bagaje\/\">PROYECTOS<br \/>\nDESTACADOS &gt;<\/a><\/div>\n<\/div><div class=\"fusion-clearfix\"><\/div><\/div><\/div>\n<\/div><\/div>\n","protected":false},"excerpt":{"rendered":"","protected":false},"author":2,"featured_media":0,"parent":0,"menu_order":6,"comment_status":"closed","ping_status":"closed","template":"","meta":{"footnotes":""},"class_list":["post-52","page","type-page","status-publish","hentry"],"yoast_head":"<!-- This site is optimized with the Yoast SEO plugin v26.9 - https:\/\/yoast.com\/product\/yoast-seo-wordpress\/ -->\n<title>Consultor\u00eda Estrat\u00e9gica | RG Civil Engineering<\/title>\n<meta name=\"robots\" content=\"index, follow, max-snippet:-1, max-image-preview:large, max-video-preview:-1\" \/>\n<link rel=\"canonical\" href=\"https:\/\/www.rg-civilengineering.com\/es\/consultoria-estrategica\/\" \/>\n<meta property=\"og:locale\" content=\"es_ES\" \/>\n<meta property=\"og:type\" content=\"article\" \/>\n<meta property=\"og:title\" content=\"Consultor\u00eda Estrat\u00e9gica | RG Civil Engineering\" \/>\n<meta property=\"og:url\" content=\"https:\/\/www.rg-civilengineering.com\/es\/consultoria-estrategica\/\" \/>\n<meta property=\"og:site_name\" content=\"RG Civil Engineering\" \/>\n<meta property=\"article:publisher\" content=\"https:\/\/www.facebook.com\/RG.Civil.Engineering\" \/>\n<meta property=\"article:modified_time\" content=\"2018-10-24T20:52:32+00:00\" \/>\n<meta name=\"twitter:label1\" content=\"Tiempo de lectura\" \/>\n\t<meta name=\"twitter:data1\" content=\"3 minutos\" \/>\n<script type=\"application\/ld+json\" class=\"yoast-schema-graph\">{\"@context\":\"https:\/\/schema.org\",\"@graph\":[{\"@type\":\"WebPage\",\"@id\":\"https:\/\/www.rg-civilengineering.com\/es\/consultoria-estrategica\/\",\"url\":\"https:\/\/www.rg-civilengineering.com\/es\/consultoria-estrategica\/\",\"name\":\"Consultor\u00eda Estrat\u00e9gica | RG Civil Engineering\",\"isPartOf\":{\"@id\":\"https:\/\/www.rg-civilengineering.com\/ca\/#website\"},\"datePublished\":\"2013-08-26T16:56:39+00:00\",\"dateModified\":\"2018-10-24T20:52:32+00:00\",\"inLanguage\":\"es\",\"potentialAction\":[{\"@type\":\"ReadAction\",\"target\":[\"https:\/\/www.rg-civilengineering.com\/es\/consultoria-estrategica\/\"]}]},{\"@type\":\"WebSite\",\"@id\":\"https:\/\/www.rg-civilengineering.com\/ca\/#website\",\"url\":\"https:\/\/www.rg-civilengineering.com\/ca\/\",\"name\":\"RG Civil Engineering\",\"description\":\"Consultor\u00eda en Ingenier\u00eda Civil\",\"publisher\":{\"@id\":\"https:\/\/www.rg-civilengineering.com\/ca\/#organization\"},\"potentialAction\":[{\"@type\":\"SearchAction\",\"target\":{\"@type\":\"EntryPoint\",\"urlTemplate\":\"https:\/\/www.rg-civilengineering.com\/ca\/?s={search_term_string}\"},\"query-input\":{\"@type\":\"PropertyValueSpecification\",\"valueRequired\":true,\"valueName\":\"search_term_string\"}}],\"inLanguage\":\"es\"},{\"@type\":\"Organization\",\"@id\":\"https:\/\/www.rg-civilengineering.com\/ca\/#organization\",\"name\":\"RG Civil Engineering\",\"url\":\"https:\/\/www.rg-civilengineering.com\/ca\/\",\"logo\":{\"@type\":\"ImageObject\",\"inLanguage\":\"es\",\"@id\":\"https:\/\/www.rg-civilengineering.com\/ca\/#\/schema\/logo\/image\/\",\"url\":\"https:\/\/www.rg-civilengineering.com\/wp-content\/uploads\/rg-ipad-retina.png\",\"contentUrl\":\"https:\/\/www.rg-civilengineering.com\/wp-content\/uploads\/rg-ipad-retina.png\",\"width\":144,\"height\":144,\"caption\":\"RG Civil Engineering\"},\"image\":{\"@id\":\"https:\/\/www.rg-civilengineering.com\/ca\/#\/schema\/logo\/image\/\"},\"sameAs\":[\"https:\/\/www.facebook.com\/RG.Civil.Engineering\",\"https:\/\/x.com\/rg_barcelona\",\"https:\/\/www.linkedin.com\/company\/rg-civil-engineering\/\"]}]}<\/script>\n<!-- \/ Yoast SEO plugin. -->","yoast_head_json":{"title":"Consultor\u00eda Estrat\u00e9gica | RG Civil Engineering","robots":{"index":"index","follow":"follow","max-snippet":"max-snippet:-1","max-image-preview":"max-image-preview:large","max-video-preview":"max-video-preview:-1"},"canonical":"https:\/\/www.rg-civilengineering.com\/es\/consultoria-estrategica\/","og_locale":"es_ES","og_type":"article","og_title":"Consultor\u00eda Estrat\u00e9gica | RG Civil Engineering","og_url":"https:\/\/www.rg-civilengineering.com\/es\/consultoria-estrategica\/","og_site_name":"RG Civil Engineering","article_publisher":"https:\/\/www.facebook.com\/RG.Civil.Engineering","article_modified_time":"2018-10-24T20:52:32+00:00","twitter_misc":{"Tiempo de lectura":"3 minutos"},"schema":{"@context":"https:\/\/schema.org","@graph":[{"@type":"WebPage","@id":"https:\/\/www.rg-civilengineering.com\/es\/consultoria-estrategica\/","url":"https:\/\/www.rg-civilengineering.com\/es\/consultoria-estrategica\/","name":"Consultor\u00eda Estrat\u00e9gica | RG Civil Engineering","isPartOf":{"@id":"https:\/\/www.rg-civilengineering.com\/ca\/#website"},"datePublished":"2013-08-26T16:56:39+00:00","dateModified":"2018-10-24T20:52:32+00:00","inLanguage":"es","potentialAction":[{"@type":"ReadAction","target":["https:\/\/www.rg-civilengineering.com\/es\/consultoria-estrategica\/"]}]},{"@type":"WebSite","@id":"https:\/\/www.rg-civilengineering.com\/ca\/#website","url":"https:\/\/www.rg-civilengineering.com\/ca\/","name":"RG Civil Engineering","description":"Consultor\u00eda en Ingenier\u00eda Civil","publisher":{"@id":"https:\/\/www.rg-civilengineering.com\/ca\/#organization"},"potentialAction":[{"@type":"SearchAction","target":{"@type":"EntryPoint","urlTemplate":"https:\/\/www.rg-civilengineering.com\/ca\/?s={search_term_string}"},"query-input":{"@type":"PropertyValueSpecification","valueRequired":true,"valueName":"search_term_string"}}],"inLanguage":"es"},{"@type":"Organization","@id":"https:\/\/www.rg-civilengineering.com\/ca\/#organization","name":"RG Civil Engineering","url":"https:\/\/www.rg-civilengineering.com\/ca\/","logo":{"@type":"ImageObject","inLanguage":"es","@id":"https:\/\/www.rg-civilengineering.com\/ca\/#\/schema\/logo\/image\/","url":"https:\/\/www.rg-civilengineering.com\/wp-content\/uploads\/rg-ipad-retina.png","contentUrl":"https:\/\/www.rg-civilengineering.com\/wp-content\/uploads\/rg-ipad-retina.png","width":144,"height":144,"caption":"RG Civil Engineering"},"image":{"@id":"https:\/\/www.rg-civilengineering.com\/ca\/#\/schema\/logo\/image\/"},"sameAs":["https:\/\/www.facebook.com\/RG.Civil.Engineering","https:\/\/x.com\/rg_barcelona","https:\/\/www.linkedin.com\/company\/rg-civil-engineering\/"]}]}},"jetpack_sharing_enabled":true,"jetpack_shortlink":"https:\/\/wp.me\/P3RyKH-Q","_links":{"self":[{"href":"https:\/\/www.rg-civilengineering.com\/es\/wp-json\/wp\/v2\/pages\/52","targetHints":{"allow":["GET"]}}],"collection":[{"href":"https:\/\/www.rg-civilengineering.com\/es\/wp-json\/wp\/v2\/pages"}],"about":[{"href":"https:\/\/www.rg-civilengineering.com\/es\/wp-json\/wp\/v2\/types\/page"}],"author":[{"embeddable":true,"href":"https:\/\/www.rg-civilengineering.com\/es\/wp-json\/wp\/v2\/users\/2"}],"replies":[{"embeddable":true,"href":"https:\/\/www.rg-civilengineering.com\/es\/wp-json\/wp\/v2\/comments?post=52"}],"version-history":[{"count":0,"href":"https:\/\/www.rg-civilengineering.com\/es\/wp-json\/wp\/v2\/pages\/52\/revisions"}],"wp:attachment":[{"href":"https:\/\/www.rg-civilengineering.com\/es\/wp-json\/wp\/v2\/media?parent=52"}],"curies":[{"name":"wp","href":"https:\/\/api.w.org\/{rel}","templated":true}]}}