{"id":50,"date":"2013-08-26T18:56:19","date_gmt":"2013-08-26T16:56:19","guid":{"rendered":"https:\/\/www.rg-civilengineering.com\/?page_id=50"},"modified":"2018-10-24T22:52:42","modified_gmt":"2018-10-24T20:52:42","slug":"proyectos-ingenieria-civil","status":"publish","type":"page","link":"https:\/\/www.rg-civilengineering.com\/es\/proyectos-ingenieria-civil\/","title":{"rendered":"Proyectos de Ingenier\u00eda Civil"},"content":{"rendered":"<div class=\"fusion-fullwidth fullwidth-box fusion-builder-row-1 nonhundred-percent-fullwidth non-hundred-percent-height-scrolling\" style=\"--awb-border-radius-top-left:0px;--awb-border-radius-top-right:0px;--awb-border-radius-bottom-right:0px;--awb-border-radius-bottom-left:0px;--awb-flex-wrap:wrap;\" ><div class=\"fusion-builder-row fusion-row\"><div class=\"fusion-layout-column fusion_builder_column fusion-builder-column-0 fusion_builder_column_2_5 2_5 fusion-two-fifth fusion-column-first\" style=\"--awb-bg-size:cover;width:40%;width:calc(40% - ( ( 4% + 4% ) * 0.4 ) );margin-right: 4%;\"><div class=\"fusion-column-wrapper fusion-flex-column-wrapper-legacy\"><div class=\"fusion-image-element in-legacy-container\" style=\"--awb-caption-title-font-family:var(--h2_typography-font-family);--awb-caption-title-font-weight:var(--h2_typography-font-weight);--awb-caption-title-font-style:var(--h2_typography-font-style);--awb-caption-title-size:var(--h2_typography-font-size);--awb-caption-title-transform:var(--h2_typography-text-transform);--awb-caption-title-line-height:var(--h2_typography-line-height);--awb-caption-title-letter-spacing:var(--h2_typography-letter-spacing);\"><span class=\" fusion-imageframe imageframe-none imageframe-1 hover-type-none\"><img decoding=\"async\" width=\"800\" height=\"523\" title=\"RG_Civil_Engineering_proyectos_ingenieria_civil\" src=\"https:\/\/www.rg-civilengineering.com\/wp-content\/uploads\/RG_Civil_Engineering_proyectos_ingenieria_civil.jpg\" alt class=\"img-responsive wp-image-211\" srcset=\"https:\/\/www.rg-civilengineering.com\/wp-content\/uploads\/RG_Civil_Engineering_proyectos_ingenieria_civil-200x131.jpg 200w, https:\/\/www.rg-civilengineering.com\/wp-content\/uploads\/RG_Civil_Engineering_proyectos_ingenieria_civil-400x262.jpg 400w, https:\/\/www.rg-civilengineering.com\/wp-content\/uploads\/RG_Civil_Engineering_proyectos_ingenieria_civil-600x392.jpg 600w, https:\/\/www.rg-civilengineering.com\/wp-content\/uploads\/RG_Civil_Engineering_proyectos_ingenieria_civil.jpg 800w\" sizes=\"(max-width: 800px) 100vw, 600px\" \/><\/span><\/div><div class=\"fusion-clearfix\"><\/div><\/div><\/div><div class=\"fusion-layout-column fusion_builder_column fusion-builder-column-1 fusion_builder_column_2_5 2_5 fusion-two-fifth\" style=\"--awb-bg-size:cover;width:40%;width:calc(40% - ( ( 4% + 4% ) * 0.4 ) );margin-right: 4%;\"><div class=\"fusion-column-wrapper fusion-flex-column-wrapper-legacy\"><div class=\"fusion-text fusion-text-1\"><div class=\"subtitulo\">Estructuras y Transporte, Agua y Energ\u00eda, Urbanismo<\/div>\n<\/div><div class=\"fusion-text fusion-text-2\"><p style=\"text-align: justify;\">El equipo de RG Civil Engineering desarrolla proyectos de ingenier\u00eda en los siguientes \u00e1mbitos:<\/p>\n<ul style=\"text-align: justify;\">\n<li><strong>Estructuras y Transporte<\/strong>: carreteras, l\u00edneas ferroviarias, transporte mar\u00edtimo y a\u00e9reo, dise\u00f1o de log\u00edstica, dise\u00f1o de puentes y c\u00e1lculo de estructuras.<\/li>\n<li><strong>Infraestructuras Hidr\u00e1ulicas y Energ\u00e9ticas<\/strong>: redes de abastecimiento y saneamiento, estaciones depuradoras, desalinizadoras, colectores, proyectos de regad\u00edo, ingenier\u00eda mar\u00edtima, energ\u00edas renovables.<\/li>\n<li><strong>Planificaci\u00f3n Urban\u00edstica<\/strong>: proyectos de urbanizaci\u00f3n residencial e industrial, estudios regionales, planificaci\u00f3n urban\u00edstica, dise\u00f1o urbano.<\/li>\n<\/ul>\n<p style=\"text-align: justify;\">Asimismo realizamos proyectos que se pueden inscribir en las zonas fronterizas entre el \u00e1mbito tradicional de la ingenier\u00eda civil y otras disciplinas cient\u00edficas y human\u00edsticas, una uni\u00f3n de esfuerzos que estimamos oportuna y m\u00e1s necesaria que nunca para dar una adecuada respuesta multidisciplinar a los complejos desaf\u00edos que la sociedad tiene planteados en el presente y de cara al futuro.<\/p>\n<\/div><div class=\"fusion-clearfix\"><\/div><\/div><\/div><div class=\"fusion-layout-column fusion_builder_column fusion-builder-column-2 fusion_builder_column_1_5 1_5 fusion-one-fifth fusion-column-last\" style=\"--awb-bg-size:cover;width:20%;width:calc(20% - ( ( 4% + 4% ) * 0.2 ) );\"><div class=\"fusion-column-wrapper fusion-flex-column-wrapper-legacy\"><div class=\"fusion-text fusion-text-3\"><div class=\"projects-sb\"><img decoding=\"async\" src=\"https:\/\/www.rg-civilengineering.com\/wp-content\/uploads\/proyectos-urbanismo-b.jpg\" alt=\"proyectos-urbanismo\" \/><img decoding=\"async\" src=\"https:\/\/www.rg-civilengineering.com\/wp-content\/uploads\/proyectos-agua-energia-b.jpg\" alt=\"proyectos-agua-energia\" \/><img decoding=\"async\" src=\"https:\/\/www.rg-civilengineering.com\/wp-content\/uploads\/proyectos-transporte-b.jpg\" alt=\"proyectos-transporte\" \/><a class=\"projects-button\" href=\"https:\/\/www.rg-civilengineering.com\/filosofia-y-bagaje\/\">PROYECTOS<br \/>\nDESTACADOS &gt;<\/a><\/div>\n<\/div><div class=\"fusion-clearfix\"><\/div><\/div><\/div>\n<\/div><\/div>\n","protected":false},"excerpt":{"rendered":"","protected":false},"author":2,"featured_media":0,"parent":0,"menu_order":5,"comment_status":"closed","ping_status":"closed","template":"","meta":{"footnotes":""},"class_list":["post-50","page","type-page","status-publish","hentry"],"yoast_head":"<!-- This site is optimized with the Yoast SEO plugin v26.9 - https:\/\/yoast.com\/product\/yoast-seo-wordpress\/ -->\n<title>Proyectos de Ingenier\u00eda Civil | RG Civil Engineering<\/title>\n<meta name=\"robots\" content=\"index, follow, max-snippet:-1, max-image-preview:large, max-video-preview:-1\" \/>\n<link rel=\"canonical\" href=\"https:\/\/www.rg-civilengineering.com\/es\/proyectos-ingenieria-civil\/\" \/>\n<meta property=\"og:locale\" content=\"es_ES\" \/>\n<meta property=\"og:type\" content=\"article\" \/>\n<meta property=\"og:title\" content=\"Proyectos de Ingenier\u00eda Civil | RG Civil Engineering\" \/>\n<meta property=\"og:url\" content=\"https:\/\/www.rg-civilengineering.com\/es\/proyectos-ingenieria-civil\/\" \/>\n<meta property=\"og:site_name\" content=\"RG Civil Engineering\" \/>\n<meta property=\"article:publisher\" content=\"https:\/\/www.facebook.com\/RG.Civil.Engineering\" \/>\n<meta property=\"article:modified_time\" content=\"2018-10-24T20:52:42+00:00\" \/>\n<meta name=\"twitter:label1\" content=\"Tiempo de lectura\" \/>\n\t<meta name=\"twitter:data1\" content=\"3 minutos\" \/>\n<script type=\"application\/ld+json\" class=\"yoast-schema-graph\">{\"@context\":\"https:\/\/schema.org\",\"@graph\":[{\"@type\":\"WebPage\",\"@id\":\"https:\/\/www.rg-civilengineering.com\/es\/proyectos-ingenieria-civil\/\",\"url\":\"https:\/\/www.rg-civilengineering.com\/es\/proyectos-ingenieria-civil\/\",\"name\":\"Proyectos de Ingenier\u00eda Civil | RG Civil Engineering\",\"isPartOf\":{\"@id\":\"https:\/\/www.rg-civilengineering.com\/ca\/#website\"},\"datePublished\":\"2013-08-26T16:56:19+00:00\",\"dateModified\":\"2018-10-24T20:52:42+00:00\",\"inLanguage\":\"es\",\"potentialAction\":[{\"@type\":\"ReadAction\",\"target\":[\"https:\/\/www.rg-civilengineering.com\/es\/proyectos-ingenieria-civil\/\"]}]},{\"@type\":\"WebSite\",\"@id\":\"https:\/\/www.rg-civilengineering.com\/ca\/#website\",\"url\":\"https:\/\/www.rg-civilengineering.com\/ca\/\",\"name\":\"RG Civil Engineering\",\"description\":\"Consultor\u00eda en Ingenier\u00eda Civil\",\"publisher\":{\"@id\":\"https:\/\/www.rg-civilengineering.com\/ca\/#organization\"},\"potentialAction\":[{\"@type\":\"SearchAction\",\"target\":{\"@type\":\"EntryPoint\",\"urlTemplate\":\"https:\/\/www.rg-civilengineering.com\/ca\/?s={search_term_string}\"},\"query-input\":{\"@type\":\"PropertyValueSpecification\",\"valueRequired\":true,\"valueName\":\"search_term_string\"}}],\"inLanguage\":\"es\"},{\"@type\":\"Organization\",\"@id\":\"https:\/\/www.rg-civilengineering.com\/ca\/#organization\",\"name\":\"RG Civil Engineering\",\"url\":\"https:\/\/www.rg-civilengineering.com\/ca\/\",\"logo\":{\"@type\":\"ImageObject\",\"inLanguage\":\"es\",\"@id\":\"https:\/\/www.rg-civilengineering.com\/ca\/#\/schema\/logo\/image\/\",\"url\":\"https:\/\/www.rg-civilengineering.com\/wp-content\/uploads\/rg-ipad-retina.png\",\"contentUrl\":\"https:\/\/www.rg-civilengineering.com\/wp-content\/uploads\/rg-ipad-retina.png\",\"width\":144,\"height\":144,\"caption\":\"RG Civil Engineering\"},\"image\":{\"@id\":\"https:\/\/www.rg-civilengineering.com\/ca\/#\/schema\/logo\/image\/\"},\"sameAs\":[\"https:\/\/www.facebook.com\/RG.Civil.Engineering\",\"https:\/\/x.com\/rg_barcelona\",\"https:\/\/www.linkedin.com\/company\/rg-civil-engineering\/\"]}]}<\/script>\n<!-- \/ Yoast SEO plugin. -->","yoast_head_json":{"title":"Proyectos de Ingenier\u00eda Civil | RG Civil Engineering","robots":{"index":"index","follow":"follow","max-snippet":"max-snippet:-1","max-image-preview":"max-image-preview:large","max-video-preview":"max-video-preview:-1"},"canonical":"https:\/\/www.rg-civilengineering.com\/es\/proyectos-ingenieria-civil\/","og_locale":"es_ES","og_type":"article","og_title":"Proyectos de Ingenier\u00eda Civil | RG Civil Engineering","og_url":"https:\/\/www.rg-civilengineering.com\/es\/proyectos-ingenieria-civil\/","og_site_name":"RG Civil Engineering","article_publisher":"https:\/\/www.facebook.com\/RG.Civil.Engineering","article_modified_time":"2018-10-24T20:52:42+00:00","twitter_misc":{"Tiempo de lectura":"3 minutos"},"schema":{"@context":"https:\/\/schema.org","@graph":[{"@type":"WebPage","@id":"https:\/\/www.rg-civilengineering.com\/es\/proyectos-ingenieria-civil\/","url":"https:\/\/www.rg-civilengineering.com\/es\/proyectos-ingenieria-civil\/","name":"Proyectos de Ingenier\u00eda Civil | RG Civil Engineering","isPartOf":{"@id":"https:\/\/www.rg-civilengineering.com\/ca\/#website"},"datePublished":"2013-08-26T16:56:19+00:00","dateModified":"2018-10-24T20:52:42+00:00","inLanguage":"es","potentialAction":[{"@type":"ReadAction","target":["https:\/\/www.rg-civilengineering.com\/es\/proyectos-ingenieria-civil\/"]}]},{"@type":"WebSite","@id":"https:\/\/www.rg-civilengineering.com\/ca\/#website","url":"https:\/\/www.rg-civilengineering.com\/ca\/","name":"RG Civil Engineering","description":"Consultor\u00eda en Ingenier\u00eda Civil","publisher":{"@id":"https:\/\/www.rg-civilengineering.com\/ca\/#organization"},"potentialAction":[{"@type":"SearchAction","target":{"@type":"EntryPoint","urlTemplate":"https:\/\/www.rg-civilengineering.com\/ca\/?s={search_term_string}"},"query-input":{"@type":"PropertyValueSpecification","valueRequired":true,"valueName":"search_term_string"}}],"inLanguage":"es"},{"@type":"Organization","@id":"https:\/\/www.rg-civilengineering.com\/ca\/#organization","name":"RG Civil Engineering","url":"https:\/\/www.rg-civilengineering.com\/ca\/","logo":{"@type":"ImageObject","inLanguage":"es","@id":"https:\/\/www.rg-civilengineering.com\/ca\/#\/schema\/logo\/image\/","url":"https:\/\/www.rg-civilengineering.com\/wp-content\/uploads\/rg-ipad-retina.png","contentUrl":"https:\/\/www.rg-civilengineering.com\/wp-content\/uploads\/rg-ipad-retina.png","width":144,"height":144,"caption":"RG Civil Engineering"},"image":{"@id":"https:\/\/www.rg-civilengineering.com\/ca\/#\/schema\/logo\/image\/"},"sameAs":["https:\/\/www.facebook.com\/RG.Civil.Engineering","https:\/\/x.com\/rg_barcelona","https:\/\/www.linkedin.com\/company\/rg-civil-engineering\/"]}]}},"jetpack_sharing_enabled":true,"jetpack_shortlink":"https:\/\/wp.me\/P3RyKH-O","_links":{"self":[{"href":"https:\/\/www.rg-civilengineering.com\/es\/wp-json\/wp\/v2\/pages\/50","targetHints":{"allow":["GET"]}}],"collection":[{"href":"https:\/\/www.rg-civilengineering.com\/es\/wp-json\/wp\/v2\/pages"}],"about":[{"href":"https:\/\/www.rg-civilengineering.com\/es\/wp-json\/wp\/v2\/types\/page"}],"author":[{"embeddable":true,"href":"https:\/\/www.rg-civilengineering.com\/es\/wp-json\/wp\/v2\/users\/2"}],"replies":[{"embeddable":true,"href":"https:\/\/www.rg-civilengineering.com\/es\/wp-json\/wp\/v2\/comments?post=50"}],"version-history":[{"count":0,"href":"https:\/\/www.rg-civilengineering.com\/es\/wp-json\/wp\/v2\/pages\/50\/revisions"}],"wp:attachment":[{"href":"https:\/\/www.rg-civilengineering.com\/es\/wp-json\/wp\/v2\/media?parent=50"}],"curies":[{"name":"wp","href":"https:\/\/api.w.org\/{rel}","templated":true}]}}