{"id":48,"date":"2013-08-26T18:55:54","date_gmt":"2013-08-26T16:55:54","guid":{"rendered":"https:\/\/www.rg-civilengineering.com\/?page_id=48"},"modified":"2018-10-18T23:51:57","modified_gmt":"2018-10-18T21:51:57","slug":"filosofia-y-bagaje","status":"publish","type":"page","link":"https:\/\/www.rg-civilengineering.com\/es\/filosofia-y-bagaje\/","title":{"rendered":"Filosof\u00eda y Bagaje"},"content":{"rendered":"<p><div class=\"fusion-fullwidth fullwidth-box fusion-builder-row-1 nonhundred-percent-fullwidth non-hundred-percent-height-scrolling fusion-equal-height-columns\" style=\"--awb-border-radius-top-left:0px;--awb-border-radius-top-right:0px;--awb-border-radius-bottom-right:0px;--awb-border-radius-bottom-left:0px;--awb-flex-wrap:wrap;\" ><div class=\"fusion-builder-row fusion-row\"><div class=\"fusion-layout-column fusion_builder_column fusion-builder-column-0 fusion_builder_column_1_4 1_4 fusion-one-fourth fusion-column-first\" style=\"--awb-bg-color:#c6c6c5;--awb-bg-color-hover:#c6c6c5;--awb-bg-size:cover;width:25%;width:calc(25% - ( ( 1% + 1% + 1% ) * 0.25 ) );margin-right: 1%;\"><div class=\"fusion-column-wrapper fusion-flex-column-wrapper-legacy\"><div class=\"fusion-column-content-centered\"><div class=\"fusion-column-content\"><div class=\"fusion-text fusion-text-1 projectsBox\"><p style=\"margin: 0; font-size: 13px;\">Principales Proyectos Realizados<\/p>\n<\/div><\/div><\/div><div class=\"fusion-clearfix\"><\/div><\/div><\/div><div class=\"fusion-layout-column fusion_builder_column fusion-builder-column-1 fusion_builder_column_1_4 1_4 fusion-one-fourth\" style=\"--awb-bg-size:cover;width:25%;width:calc(25% - ( ( 1% + 1% + 1% ) * 0.25 ) );margin-right: 1%;\"><div class=\"fusion-column-wrapper fusion-flex-column-wrapper-legacy\"><div class=\"fusion-column-content-centered\"><div class=\"fusion-column-content\"><div class=\"fusion-image-element in-legacy-container\" style=\"--awb-liftup-border-radius:0px;--awb-caption-title-font-family:var(--h2_typography-font-family);--awb-caption-title-font-weight:var(--h2_typography-font-weight);--awb-caption-title-font-style:var(--h2_typography-font-style);--awb-caption-title-size:var(--h2_typography-font-size);--awb-caption-title-transform:var(--h2_typography-text-transform);--awb-caption-title-line-height:var(--h2_typography-line-height);--awb-caption-title-letter-spacing:var(--h2_typography-letter-spacing);\"><div class=\"awb-image-frame awb-image-frame-1 imageframe-liftup\"><span class=\" fusion-imageframe imageframe-none imageframe-1\"><a class=\"fusion-no-lightbox\" href=\"https:\/\/www.rg-civilengineering.com\/filosofia-y-bagaje\/autopista-c-32-pau-casals\/\" target=\"_self\" aria-label=\"rg-estructuras-transporte-esp\"><img decoding=\"async\" width=\"934\" height=\"396\" src=\"https:\/\/www.rg-civilengineering.com\/wp-content\/uploads\/rg-estructuras-transporte-esp.jpg\" alt class=\"img-responsive wp-image-223\" srcset=\"https:\/\/www.rg-civilengineering.com\/wp-content\/uploads\/rg-estructuras-transporte-esp-200x85.jpg 200w, https:\/\/www.rg-civilengineering.com\/wp-content\/uploads\/rg-estructuras-transporte-esp-400x170.jpg 400w, https:\/\/www.rg-civilengineering.com\/wp-content\/uploads\/rg-estructuras-transporte-esp-600x254.jpg 600w, https:\/\/www.rg-civilengineering.com\/wp-content\/uploads\/rg-estructuras-transporte-esp-800x339.jpg 800w, https:\/\/www.rg-civilengineering.com\/wp-content\/uploads\/rg-estructuras-transporte-esp.jpg 934w\" sizes=\"(max-width: 800px) 100vw, 400px\" \/><\/a><\/span><\/div><\/div><\/div><\/div><div class=\"fusion-clearfix\"><\/div><\/div><\/div><div class=\"fusion-layout-column fusion_builder_column fusion-builder-column-2 fusion_builder_column_1_4 1_4 fusion-one-fourth\" style=\"--awb-bg-size:cover;width:25%;width:calc(25% - ( ( 1% + 1% + 1% ) * 0.25 ) );margin-right: 1%;\"><div class=\"fusion-column-wrapper fusion-flex-column-wrapper-legacy\"><div class=\"fusion-column-content-centered\"><div class=\"fusion-column-content\"><div class=\"fusion-image-element in-legacy-container\" style=\"--awb-liftup-border-radius:0px;--awb-caption-title-font-family:var(--h2_typography-font-family);--awb-caption-title-font-weight:var(--h2_typography-font-weight);--awb-caption-title-font-style:var(--h2_typography-font-style);--awb-caption-title-size:var(--h2_typography-font-size);--awb-caption-title-transform:var(--h2_typography-text-transform);--awb-caption-title-line-height:var(--h2_typography-line-height);--awb-caption-title-letter-spacing:var(--h2_typography-letter-spacing);\"><div class=\"awb-image-frame awb-image-frame-2 imageframe-liftup\"><span class=\" fusion-imageframe imageframe-none imageframe-2\"><a class=\"fusion-no-lightbox\" href=\"https:\/\/www.rg-civilengineering.com\/filosofia-y-bagaje\/puente-movil-puerto-tarragona\/\" target=\"_self\" aria-label=\"rg-agua-energia-esp\"><img decoding=\"async\" width=\"934\" height=\"396\" src=\"https:\/\/www.rg-civilengineering.com\/wp-content\/uploads\/rg-agua-energia-esp.jpg\" alt class=\"img-responsive wp-image-224\" srcset=\"https:\/\/www.rg-civilengineering.com\/wp-content\/uploads\/rg-agua-energia-esp-200x85.jpg 200w, https:\/\/www.rg-civilengineering.com\/wp-content\/uploads\/rg-agua-energia-esp-400x170.jpg 400w, https:\/\/www.rg-civilengineering.com\/wp-content\/uploads\/rg-agua-energia-esp-600x254.jpg 600w, https:\/\/www.rg-civilengineering.com\/wp-content\/uploads\/rg-agua-energia-esp-800x339.jpg 800w, https:\/\/www.rg-civilengineering.com\/wp-content\/uploads\/rg-agua-energia-esp.jpg 934w\" sizes=\"(max-width: 800px) 100vw, 400px\" \/><\/a><\/span><\/div><\/div><\/div><\/div><div class=\"fusion-clearfix\"><\/div><\/div><\/div><div class=\"fusion-layout-column fusion_builder_column fusion-builder-column-3 fusion_builder_column_1_4 1_4 fusion-one-fourth fusion-column-last\" style=\"--awb-bg-size:cover;width:25%;width:calc(25% - ( ( 1% + 1% + 1% ) * 0.25 ) );\"><div class=\"fusion-column-wrapper fusion-flex-column-wrapper-legacy\"><div class=\"fusion-column-content-centered\"><div class=\"fusion-column-content\"><div class=\"fusion-image-element in-legacy-container\" style=\"--awb-liftup-border-radius:0px;--awb-caption-title-font-family:var(--h2_typography-font-family);--awb-caption-title-font-weight:var(--h2_typography-font-weight);--awb-caption-title-font-style:var(--h2_typography-font-style);--awb-caption-title-size:var(--h2_typography-font-size);--awb-caption-title-transform:var(--h2_typography-text-transform);--awb-caption-title-line-height:var(--h2_typography-line-height);--awb-caption-title-letter-spacing:var(--h2_typography-letter-spacing);\"><div class=\"awb-image-frame awb-image-frame-3 imageframe-liftup\"><span class=\" fusion-imageframe imageframe-none imageframe-3\"><a class=\"fusion-no-lightbox\" href=\"https:\/\/www.rg-civilengineering.com\/filosofia-y-bagaje\/fachada-maritima-barcelona\/\" target=\"_self\" aria-label=\"rg-urbanismo-esp\"><img decoding=\"async\" width=\"934\" height=\"396\" src=\"https:\/\/www.rg-civilengineering.com\/wp-content\/uploads\/rg-urbanismo-esp.jpg\" alt class=\"img-responsive wp-image-225\" srcset=\"https:\/\/www.rg-civilengineering.com\/wp-content\/uploads\/rg-urbanismo-esp-200x85.jpg 200w, https:\/\/www.rg-civilengineering.com\/wp-content\/uploads\/rg-urbanismo-esp-400x170.jpg 400w, https:\/\/www.rg-civilengineering.com\/wp-content\/uploads\/rg-urbanismo-esp-600x254.jpg 600w, https:\/\/www.rg-civilengineering.com\/wp-content\/uploads\/rg-urbanismo-esp-800x339.jpg 800w, https:\/\/www.rg-civilengineering.com\/wp-content\/uploads\/rg-urbanismo-esp.jpg 934w\" sizes=\"(max-width: 800px) 100vw, 400px\" \/><\/a><\/span><\/div><\/div><\/div><\/div><div class=\"fusion-clearfix\"><\/div><\/div><\/div><\/div><\/div>\n<div class=\"fusion-fullwidth fullwidth-box fusion-builder-row-2 nonhundred-percent-fullwidth non-hundred-percent-height-scrolling\" style=\"--awb-border-radius-top-left:0px;--awb-border-radius-top-right:0px;--awb-border-radius-bottom-right:0px;--awb-border-radius-bottom-left:0px;--awb-flex-wrap:wrap;\" ><div class=\"fusion-builder-row fusion-row\"><div class=\"fusion-layout-column fusion_builder_column fusion-builder-column-4 fusion_builder_column_2_5 2_5 fusion-two-fifth fusion-column-first\" style=\"--awb-bg-size:cover;width:40%;width:calc(40% - ( ( 2% ) * 0.4 ) );margin-right: 2%;\"><div class=\"fusion-column-wrapper fusion-flex-column-wrapper-legacy\"><div class=\"fusion-image-element in-legacy-container\" style=\"--awb-caption-title-font-family:var(--h2_typography-font-family);--awb-caption-title-font-weight:var(--h2_typography-font-weight);--awb-caption-title-font-style:var(--h2_typography-font-style);--awb-caption-title-size:var(--h2_typography-font-size);--awb-caption-title-transform:var(--h2_typography-text-transform);--awb-caption-title-line-height:var(--h2_typography-line-height);--awb-caption-title-letter-spacing:var(--h2_typography-letter-spacing);\"><span class=\" fusion-imageframe imageframe-none imageframe-4 hover-type-none\"><img decoding=\"async\" width=\"800\" height=\"523\" title=\"RG_Civil_Engineering_filosofia_bagaje\" src=\"https:\/\/www.rg-civilengineering.com\/wp-content\/uploads\/RG_Civil_Engineering_filosofia_bagaje.jpg\" alt class=\"img-responsive wp-image-210\" srcset=\"https:\/\/www.rg-civilengineering.com\/wp-content\/uploads\/RG_Civil_Engineering_filosofia_bagaje-200x131.jpg 200w, https:\/\/www.rg-civilengineering.com\/wp-content\/uploads\/RG_Civil_Engineering_filosofia_bagaje-400x262.jpg 400w, https:\/\/www.rg-civilengineering.com\/wp-content\/uploads\/RG_Civil_Engineering_filosofia_bagaje-600x392.jpg 600w, https:\/\/www.rg-civilengineering.com\/wp-content\/uploads\/RG_Civil_Engineering_filosofia_bagaje.jpg 800w\" sizes=\"(max-width: 800px) 100vw, 600px\" \/><\/span><\/div><div class=\"fusion-clearfix\"><\/div><\/div><\/div><div class=\"fusion-layout-column fusion_builder_column fusion-builder-column-5 fusion_builder_column_3_5 3_5 fusion-three-fifth fusion-column-last\" style=\"--awb-bg-size:cover;width:60%;width:calc(60% - ( ( 2% ) * 0.6 ) );\"><div class=\"fusion-column-wrapper fusion-flex-column-wrapper-legacy\"><div class=\"fusion-text fusion-text-2\"><div class=\"subtitulo\">Tradici\u00f3n e innovaci\u00f3n<\/div>\n<\/div><div class=\"fusion-text fusion-text-3\"><p style=\"text-align: justify;\">RG Civil Engineering es una empresa tecnol\u00f3gica que tiene por objeto potenciar la innovaci\u00f3n en el sector de la ingenier\u00eda civil, las infraestructuras y la energ\u00eda.<\/p>\n<p style=\"text-align: justify;\">Partimos del factor diferencial que constituye siempre el capital humano en toda empresa humana, pues son las personas concretas las que disponen de las herramientas y de la visi\u00f3n necesarias para dar respuesta a los desaf\u00edos tecnol\u00f3gicos del presente as\u00ed como a los retos que la sociedad plantea para el futuro. Estimamos que el factor personal y los valores que de \u00e9l se derivan son los elementos decisivos para garantizar el \u00e9xito de toda iniciativa.<\/p>\n<p style=\"text-align: justify;\">Estudiamos la soluci\u00f3n adecuada para cada caso partiendo de las particularidades que lo condicionan, en un sector en el que necesariamente cada proyecto constituye un prototipo, espec\u00edficamente dise\u00f1ado teniendo en cuenta su idiosincrasia y la integraci\u00f3n mediambiental, social y est\u00e9tica del mismo.<\/p>\n<p style=\"text-align: justify;\">Los miembros del equipo de RG Civil Engineering estimamos conveniente poner el amplio bagaje y experiencia acumulado al servicio de la sociedad y del hombre, de acuerdo con las demandas sociales y necesidades presentes de las personas y las empresas, inspirados por el lema que el matem\u00e1tico y profesor de la escuela de negocios de la Universidad de Harvard, Howard Stevenson, sintetiz\u00f3 en su elocuente expresi\u00f3n \u201cLive the ripple\u201d.<\/p>\n<p style=\"text-align: justify;\">Cabe destacar que el sector de la Ingenier\u00eda Civil en Espa\u00f1a tradicionalmente ha gozado de alto prestigio por su alt\u00edsimo nivel de exigencia y por el esp\u00edritu cr\u00edtico y creativo de sus egresados, con Escuelas como las de Barcelona, Madrid y Santander entre las mejores y m\u00e1s avanzadas del mundo, y que ya desde sus inicios dio figuras trasdendentales como las de Ildefons Cerd\u00e0, Eduard Saavedra, Jos\u00e9 Echegaray, Eduardo Torroja, Leonardo Torres Quevedo, o m\u00e1s recientemente eminentes personalidades como las de Victoriano Mu\u00f1oz Homs o Carlos Fern\u00e1ndez Casado.<\/p>\n<\/div><div class=\"fusion-clearfix\"><\/div><\/div><\/div><\/div><\/div><\/p>\n","protected":false},"excerpt":{"rendered":"","protected":false},"author":2,"featured_media":0,"parent":0,"menu_order":4,"comment_status":"closed","ping_status":"closed","template":"","meta":{"footnotes":""},"class_list":["post-48","page","type-page","status-publish","hentry"],"yoast_head":"<!-- This site is optimized with the Yoast SEO plugin v26.9 - https:\/\/yoast.com\/product\/yoast-seo-wordpress\/ -->\n<title>Filosof\u00eda y Bagaje | RG Civil Engineering<\/title>\n<meta name=\"description\" content=\"Somos una empresa tecnol\u00f3gica que tiene por objeto potenciar la innovaci\u00f3n en el sector de la ingenier\u00eda civil, las infraestructuras y la energ\u00eda.\" \/>\n<meta name=\"robots\" content=\"index, follow, max-snippet:-1, max-image-preview:large, max-video-preview:-1\" \/>\n<link rel=\"canonical\" href=\"https:\/\/www.rg-civilengineering.com\/es\/filosofia-y-bagaje\/\" \/>\n<meta property=\"og:locale\" content=\"es_ES\" \/>\n<meta property=\"og:type\" content=\"article\" \/>\n<meta property=\"og:title\" content=\"Filosof\u00eda y Bagaje | RG Civil Engineering\" \/>\n<meta property=\"og:description\" content=\"Somos una empresa tecnol\u00f3gica que tiene por objeto potenciar la innovaci\u00f3n en el sector de la ingenier\u00eda civil, las infraestructuras y la energ\u00eda.\" \/>\n<meta property=\"og:url\" content=\"https:\/\/www.rg-civilengineering.com\/es\/filosofia-y-bagaje\/\" \/>\n<meta property=\"og:site_name\" content=\"RG Civil Engineering\" \/>\n<meta property=\"article:publisher\" content=\"https:\/\/www.facebook.com\/RG.Civil.Engineering\" \/>\n<meta property=\"article:modified_time\" content=\"2018-10-18T21:51:57+00:00\" \/>\n<meta name=\"twitter:label1\" content=\"Tiempo de lectura\" \/>\n\t<meta name=\"twitter:data1\" content=\"3 minutos\" \/>\n<script type=\"application\/ld+json\" class=\"yoast-schema-graph\">{\"@context\":\"https:\/\/schema.org\",\"@graph\":[{\"@type\":\"WebPage\",\"@id\":\"https:\/\/www.rg-civilengineering.com\/es\/filosofia-y-bagaje\/\",\"url\":\"https:\/\/www.rg-civilengineering.com\/es\/filosofia-y-bagaje\/\",\"name\":\"Filosof\u00eda y Bagaje | RG Civil Engineering\",\"isPartOf\":{\"@id\":\"https:\/\/www.rg-civilengineering.com\/ca\/#website\"},\"datePublished\":\"2013-08-26T16:55:54+00:00\",\"dateModified\":\"2018-10-18T21:51:57+00:00\",\"description\":\"Somos una empresa tecnol\u00f3gica que tiene por objeto potenciar la innovaci\u00f3n en el sector de la ingenier\u00eda civil, las infraestructuras y la energ\u00eda.\",\"inLanguage\":\"es\",\"potentialAction\":[{\"@type\":\"ReadAction\",\"target\":[\"https:\/\/www.rg-civilengineering.com\/es\/filosofia-y-bagaje\/\"]}]},{\"@type\":\"WebSite\",\"@id\":\"https:\/\/www.rg-civilengineering.com\/ca\/#website\",\"url\":\"https:\/\/www.rg-civilengineering.com\/ca\/\",\"name\":\"RG Civil Engineering\",\"description\":\"Consultor\u00eda en Ingenier\u00eda Civil\",\"publisher\":{\"@id\":\"https:\/\/www.rg-civilengineering.com\/ca\/#organization\"},\"potentialAction\":[{\"@type\":\"SearchAction\",\"target\":{\"@type\":\"EntryPoint\",\"urlTemplate\":\"https:\/\/www.rg-civilengineering.com\/ca\/?s={search_term_string}\"},\"query-input\":{\"@type\":\"PropertyValueSpecification\",\"valueRequired\":true,\"valueName\":\"search_term_string\"}}],\"inLanguage\":\"es\"},{\"@type\":\"Organization\",\"@id\":\"https:\/\/www.rg-civilengineering.com\/ca\/#organization\",\"name\":\"RG Civil Engineering\",\"url\":\"https:\/\/www.rg-civilengineering.com\/ca\/\",\"logo\":{\"@type\":\"ImageObject\",\"inLanguage\":\"es\",\"@id\":\"https:\/\/www.rg-civilengineering.com\/ca\/#\/schema\/logo\/image\/\",\"url\":\"https:\/\/www.rg-civilengineering.com\/wp-content\/uploads\/rg-ipad-retina.png\",\"contentUrl\":\"https:\/\/www.rg-civilengineering.com\/wp-content\/uploads\/rg-ipad-retina.png\",\"width\":144,\"height\":144,\"caption\":\"RG Civil Engineering\"},\"image\":{\"@id\":\"https:\/\/www.rg-civilengineering.com\/ca\/#\/schema\/logo\/image\/\"},\"sameAs\":[\"https:\/\/www.facebook.com\/RG.Civil.Engineering\",\"https:\/\/x.com\/rg_barcelona\",\"https:\/\/www.linkedin.com\/company\/rg-civil-engineering\/\"]}]}<\/script>\n<!-- \/ Yoast SEO plugin. -->","yoast_head_json":{"title":"Filosof\u00eda y Bagaje | RG Civil Engineering","description":"Somos una empresa tecnol\u00f3gica que tiene por objeto potenciar la innovaci\u00f3n en el sector de la ingenier\u00eda civil, las infraestructuras y la energ\u00eda.","robots":{"index":"index","follow":"follow","max-snippet":"max-snippet:-1","max-image-preview":"max-image-preview:large","max-video-preview":"max-video-preview:-1"},"canonical":"https:\/\/www.rg-civilengineering.com\/es\/filosofia-y-bagaje\/","og_locale":"es_ES","og_type":"article","og_title":"Filosof\u00eda y Bagaje | RG Civil Engineering","og_description":"Somos una empresa tecnol\u00f3gica que tiene por objeto potenciar la innovaci\u00f3n en el sector de la ingenier\u00eda civil, las infraestructuras y la energ\u00eda.","og_url":"https:\/\/www.rg-civilengineering.com\/es\/filosofia-y-bagaje\/","og_site_name":"RG Civil Engineering","article_publisher":"https:\/\/www.facebook.com\/RG.Civil.Engineering","article_modified_time":"2018-10-18T21:51:57+00:00","twitter_misc":{"Tiempo de lectura":"3 minutos"},"schema":{"@context":"https:\/\/schema.org","@graph":[{"@type":"WebPage","@id":"https:\/\/www.rg-civilengineering.com\/es\/filosofia-y-bagaje\/","url":"https:\/\/www.rg-civilengineering.com\/es\/filosofia-y-bagaje\/","name":"Filosof\u00eda y Bagaje | RG Civil Engineering","isPartOf":{"@id":"https:\/\/www.rg-civilengineering.com\/ca\/#website"},"datePublished":"2013-08-26T16:55:54+00:00","dateModified":"2018-10-18T21:51:57+00:00","description":"Somos una empresa tecnol\u00f3gica que tiene por objeto potenciar la innovaci\u00f3n en el sector de la ingenier\u00eda civil, las infraestructuras y la energ\u00eda.","inLanguage":"es","potentialAction":[{"@type":"ReadAction","target":["https:\/\/www.rg-civilengineering.com\/es\/filosofia-y-bagaje\/"]}]},{"@type":"WebSite","@id":"https:\/\/www.rg-civilengineering.com\/ca\/#website","url":"https:\/\/www.rg-civilengineering.com\/ca\/","name":"RG Civil Engineering","description":"Consultor\u00eda en Ingenier\u00eda Civil","publisher":{"@id":"https:\/\/www.rg-civilengineering.com\/ca\/#organization"},"potentialAction":[{"@type":"SearchAction","target":{"@type":"EntryPoint","urlTemplate":"https:\/\/www.rg-civilengineering.com\/ca\/?s={search_term_string}"},"query-input":{"@type":"PropertyValueSpecification","valueRequired":true,"valueName":"search_term_string"}}],"inLanguage":"es"},{"@type":"Organization","@id":"https:\/\/www.rg-civilengineering.com\/ca\/#organization","name":"RG Civil Engineering","url":"https:\/\/www.rg-civilengineering.com\/ca\/","logo":{"@type":"ImageObject","inLanguage":"es","@id":"https:\/\/www.rg-civilengineering.com\/ca\/#\/schema\/logo\/image\/","url":"https:\/\/www.rg-civilengineering.com\/wp-content\/uploads\/rg-ipad-retina.png","contentUrl":"https:\/\/www.rg-civilengineering.com\/wp-content\/uploads\/rg-ipad-retina.png","width":144,"height":144,"caption":"RG Civil Engineering"},"image":{"@id":"https:\/\/www.rg-civilengineering.com\/ca\/#\/schema\/logo\/image\/"},"sameAs":["https:\/\/www.facebook.com\/RG.Civil.Engineering","https:\/\/x.com\/rg_barcelona","https:\/\/www.linkedin.com\/company\/rg-civil-engineering\/"]}]}},"jetpack_sharing_enabled":true,"jetpack_shortlink":"https:\/\/wp.me\/P3RyKH-M","_links":{"self":[{"href":"https:\/\/www.rg-civilengineering.com\/es\/wp-json\/wp\/v2\/pages\/48","targetHints":{"allow":["GET"]}}],"collection":[{"href":"https:\/\/www.rg-civilengineering.com\/es\/wp-json\/wp\/v2\/pages"}],"about":[{"href":"https:\/\/www.rg-civilengineering.com\/es\/wp-json\/wp\/v2\/types\/page"}],"author":[{"embeddable":true,"href":"https:\/\/www.rg-civilengineering.com\/es\/wp-json\/wp\/v2\/users\/2"}],"replies":[{"embeddable":true,"href":"https:\/\/www.rg-civilengineering.com\/es\/wp-json\/wp\/v2\/comments?post=48"}],"version-history":[{"count":0,"href":"https:\/\/www.rg-civilengineering.com\/es\/wp-json\/wp\/v2\/pages\/48\/revisions"}],"wp:attachment":[{"href":"https:\/\/www.rg-civilengineering.com\/es\/wp-json\/wp\/v2\/media?parent=48"}],"curies":[{"name":"wp","href":"https:\/\/api.w.org\/{rel}","templated":true}]}}