{"id":44,"date":"2013-08-26T18:55:02","date_gmt":"2013-08-26T16:55:02","guid":{"rendered":"https:\/\/www.rg-civilengineering.com\/?page_id=44"},"modified":"2018-10-24T22:52:14","modified_gmt":"2018-10-24T20:52:14","slug":"quienes-somos","status":"publish","type":"page","link":"https:\/\/www.rg-civilengineering.com\/es\/quienes-somos\/","title":{"rendered":"Qui\u00e9nes somos"},"content":{"rendered":"<div class=\"fusion-fullwidth fullwidth-box fusion-builder-row-1 nonhundred-percent-fullwidth non-hundred-percent-height-scrolling\" style=\"--awb-border-radius-top-left:0px;--awb-border-radius-top-right:0px;--awb-border-radius-bottom-right:0px;--awb-border-radius-bottom-left:0px;--awb-flex-wrap:wrap;\" ><div class=\"fusion-builder-row fusion-row\"><div class=\"fusion-layout-column fusion_builder_column fusion-builder-column-0 fusion_builder_column_2_5 2_5 fusion-two-fifth fusion-column-first\" style=\"--awb-bg-size:cover;width:40%;width:calc(40% - ( ( 4% + 4% ) * 0.4 ) );margin-right: 4%;\"><div class=\"fusion-column-wrapper fusion-flex-column-wrapper-legacy\"><div class=\"fusion-image-element in-legacy-container\" style=\"--awb-caption-title-font-family:var(--h2_typography-font-family);--awb-caption-title-font-weight:var(--h2_typography-font-weight);--awb-caption-title-font-style:var(--h2_typography-font-style);--awb-caption-title-size:var(--h2_typography-font-size);--awb-caption-title-transform:var(--h2_typography-text-transform);--awb-caption-title-line-height:var(--h2_typography-line-height);--awb-caption-title-letter-spacing:var(--h2_typography-letter-spacing);\"><span class=\" fusion-imageframe imageframe-none imageframe-1 hover-type-none\"><img decoding=\"async\" width=\"800\" height=\"523\" title=\"RG_Civil_Engineering_quienes_somos\" src=\"https:\/\/www.rg-civilengineering.com\/wp-content\/uploads\/RG_Civil_Engineering_quienes_somos.jpg\" alt class=\"img-responsive wp-image-212\" srcset=\"https:\/\/www.rg-civilengineering.com\/wp-content\/uploads\/RG_Civil_Engineering_quienes_somos-200x131.jpg 200w, https:\/\/www.rg-civilengineering.com\/wp-content\/uploads\/RG_Civil_Engineering_quienes_somos-400x262.jpg 400w, https:\/\/www.rg-civilengineering.com\/wp-content\/uploads\/RG_Civil_Engineering_quienes_somos-600x392.jpg 600w, https:\/\/www.rg-civilengineering.com\/wp-content\/uploads\/RG_Civil_Engineering_quienes_somos.jpg 800w\" sizes=\"(max-width: 800px) 100vw, 600px\" \/><\/span><\/div><div class=\"fusion-clearfix\"><\/div><\/div><\/div><div class=\"fusion-layout-column fusion_builder_column fusion-builder-column-1 fusion_builder_column_2_5 2_5 fusion-two-fifth\" style=\"--awb-bg-size:cover;width:40%;width:calc(40% - ( ( 4% + 4% ) * 0.4 ) );margin-right: 4%;\"><div class=\"fusion-column-wrapper fusion-flex-column-wrapper-legacy\"><div class=\"fusion-text fusion-text-1\"><div class=\"subtitulo\">Consultor\u00eda en Ingenier\u00eda civil<\/div>\n<\/div><div class=\"fusion-text fusion-text-2\"><p style=\"text-align: justify;\">RG Civil Engineering es una empresa de consultor\u00eda en el \u00e1mbito de la ingenier\u00eda civil, con sede en Barcelona. Nuestro \u00e1mbito de actuaci\u00f3n se centra en el dise\u00f1o de proyectos en el campo de la ingenier\u00eda civil y en la redacci\u00f3n de estudios de consultor\u00eda estrat\u00e9gica para empresas del sector de la construcci\u00f3n y gesti\u00f3n de infraestructuras.<\/p>\n<p style=\"text-align: justify;\">Nuestro equipo desempe\u00f1a su labor para dar respuesta a las necesidades que tienen las respectivas administraciones y empresas y que se derivan de los profundos cambios estructurales, econ\u00f3micos y sociales que se dan en nuestra sociedad y que imponen, para satisfacer adecuadamente las necesidades de los ciudadanos, una intensificaci\u00f3n en los procesos de internacionalizaci\u00f3n, diversificaci\u00f3n e innovaci\u00f3n tecnol\u00f3gica.<\/p>\n<p style=\"text-align: justify;\">Nos proponemos potenciar el papel dinamizador que tienen las infraestructuras de vanguardia en el desarrollo econ\u00f3mico y humano de toda sociedad.<\/p>\n<\/div><div class=\"fusion-clearfix\"><\/div><\/div><\/div><div class=\"fusion-layout-column fusion_builder_column fusion-builder-column-2 fusion_builder_column_1_5 1_5 fusion-one-fifth fusion-column-last\" style=\"--awb-bg-size:cover;width:20%;width:calc(20% - ( ( 4% + 4% ) * 0.2 ) );\"><div class=\"fusion-column-wrapper fusion-flex-column-wrapper-legacy\"><div class=\"fusion-text fusion-text-3\"><div class=\"projects-sb\"><img decoding=\"async\" src=\"https:\/\/www.rg-civilengineering.com\/wp-content\/uploads\/proyectos-urbanismo-b.jpg\" alt=\"proyectos-urbanismo\" \/><img decoding=\"async\" src=\"https:\/\/www.rg-civilengineering.com\/wp-content\/uploads\/proyectos-agua-energia-b.jpg\" alt=\"proyectos-agua-energia\" \/><img decoding=\"async\" src=\"https:\/\/www.rg-civilengineering.com\/wp-content\/uploads\/proyectos-transporte-b.jpg\" alt=\"proyectos-transporte\" \/><a class=\"projects-button\" href=\"https:\/\/www.rg-civilengineering.com\/filosofia-y-bagaje\/\">PROYECTOS<br \/>\nDESTACADOS &gt;<\/a><\/div>\n<\/div><div class=\"fusion-clearfix\"><\/div><\/div><\/div>\n<\/div><\/div>\n","protected":false},"excerpt":{"rendered":"","protected":false},"author":2,"featured_media":0,"parent":0,"menu_order":1,"comment_status":"closed","ping_status":"closed","template":"","meta":{"footnotes":""},"class_list":["post-44","page","type-page","status-publish","hentry"],"yoast_head":"<!-- This site is optimized with the Yoast SEO plugin v26.9 - https:\/\/yoast.com\/product\/yoast-seo-wordpress\/ -->\n<title>Qui\u00e9nes somos | RG Civil Engineering<\/title>\n<meta name=\"robots\" content=\"index, follow, max-snippet:-1, max-image-preview:large, max-video-preview:-1\" \/>\n<link rel=\"canonical\" href=\"https:\/\/www.rg-civilengineering.com\/es\/quienes-somos\/\" \/>\n<meta property=\"og:locale\" content=\"es_ES\" \/>\n<meta property=\"og:type\" content=\"article\" \/>\n<meta property=\"og:title\" content=\"Qui\u00e9nes somos | RG Civil Engineering\" \/>\n<meta property=\"og:url\" content=\"https:\/\/www.rg-civilengineering.com\/es\/quienes-somos\/\" \/>\n<meta property=\"og:site_name\" content=\"RG Civil Engineering\" \/>\n<meta property=\"article:publisher\" content=\"https:\/\/www.facebook.com\/RG.Civil.Engineering\" \/>\n<meta property=\"article:modified_time\" content=\"2018-10-24T20:52:14+00:00\" \/>\n<meta name=\"twitter:label1\" content=\"Tiempo de lectura\" \/>\n\t<meta name=\"twitter:data1\" content=\"3 minutos\" \/>\n<script type=\"application\/ld+json\" class=\"yoast-schema-graph\">{\"@context\":\"https:\/\/schema.org\",\"@graph\":[{\"@type\":\"WebPage\",\"@id\":\"https:\/\/www.rg-civilengineering.com\/es\/quienes-somos\/\",\"url\":\"https:\/\/www.rg-civilengineering.com\/es\/quienes-somos\/\",\"name\":\"Qui\u00e9nes somos | RG Civil Engineering\",\"isPartOf\":{\"@id\":\"https:\/\/www.rg-civilengineering.com\/ca\/#website\"},\"datePublished\":\"2013-08-26T16:55:02+00:00\",\"dateModified\":\"2018-10-24T20:52:14+00:00\",\"inLanguage\":\"es\",\"potentialAction\":[{\"@type\":\"ReadAction\",\"target\":[\"https:\/\/www.rg-civilengineering.com\/es\/quienes-somos\/\"]}]},{\"@type\":\"WebSite\",\"@id\":\"https:\/\/www.rg-civilengineering.com\/ca\/#website\",\"url\":\"https:\/\/www.rg-civilengineering.com\/ca\/\",\"name\":\"RG Civil Engineering\",\"description\":\"Consultor\u00eda en Ingenier\u00eda Civil\",\"publisher\":{\"@id\":\"https:\/\/www.rg-civilengineering.com\/ca\/#organization\"},\"potentialAction\":[{\"@type\":\"SearchAction\",\"target\":{\"@type\":\"EntryPoint\",\"urlTemplate\":\"https:\/\/www.rg-civilengineering.com\/ca\/?s={search_term_string}\"},\"query-input\":{\"@type\":\"PropertyValueSpecification\",\"valueRequired\":true,\"valueName\":\"search_term_string\"}}],\"inLanguage\":\"es\"},{\"@type\":\"Organization\",\"@id\":\"https:\/\/www.rg-civilengineering.com\/ca\/#organization\",\"name\":\"RG Civil Engineering\",\"url\":\"https:\/\/www.rg-civilengineering.com\/ca\/\",\"logo\":{\"@type\":\"ImageObject\",\"inLanguage\":\"es\",\"@id\":\"https:\/\/www.rg-civilengineering.com\/ca\/#\/schema\/logo\/image\/\",\"url\":\"https:\/\/www.rg-civilengineering.com\/wp-content\/uploads\/rg-ipad-retina.png\",\"contentUrl\":\"https:\/\/www.rg-civilengineering.com\/wp-content\/uploads\/rg-ipad-retina.png\",\"width\":144,\"height\":144,\"caption\":\"RG Civil Engineering\"},\"image\":{\"@id\":\"https:\/\/www.rg-civilengineering.com\/ca\/#\/schema\/logo\/image\/\"},\"sameAs\":[\"https:\/\/www.facebook.com\/RG.Civil.Engineering\",\"https:\/\/x.com\/rg_barcelona\",\"https:\/\/www.linkedin.com\/company\/rg-civil-engineering\/\"]}]}<\/script>\n<!-- \/ Yoast SEO plugin. -->","yoast_head_json":{"title":"Qui\u00e9nes somos | RG Civil Engineering","robots":{"index":"index","follow":"follow","max-snippet":"max-snippet:-1","max-image-preview":"max-image-preview:large","max-video-preview":"max-video-preview:-1"},"canonical":"https:\/\/www.rg-civilengineering.com\/es\/quienes-somos\/","og_locale":"es_ES","og_type":"article","og_title":"Qui\u00e9nes somos | RG Civil Engineering","og_url":"https:\/\/www.rg-civilengineering.com\/es\/quienes-somos\/","og_site_name":"RG Civil Engineering","article_publisher":"https:\/\/www.facebook.com\/RG.Civil.Engineering","article_modified_time":"2018-10-24T20:52:14+00:00","twitter_misc":{"Tiempo de lectura":"3 minutos"},"schema":{"@context":"https:\/\/schema.org","@graph":[{"@type":"WebPage","@id":"https:\/\/www.rg-civilengineering.com\/es\/quienes-somos\/","url":"https:\/\/www.rg-civilengineering.com\/es\/quienes-somos\/","name":"Qui\u00e9nes somos | RG Civil Engineering","isPartOf":{"@id":"https:\/\/www.rg-civilengineering.com\/ca\/#website"},"datePublished":"2013-08-26T16:55:02+00:00","dateModified":"2018-10-24T20:52:14+00:00","inLanguage":"es","potentialAction":[{"@type":"ReadAction","target":["https:\/\/www.rg-civilengineering.com\/es\/quienes-somos\/"]}]},{"@type":"WebSite","@id":"https:\/\/www.rg-civilengineering.com\/ca\/#website","url":"https:\/\/www.rg-civilengineering.com\/ca\/","name":"RG Civil Engineering","description":"Consultor\u00eda en Ingenier\u00eda Civil","publisher":{"@id":"https:\/\/www.rg-civilengineering.com\/ca\/#organization"},"potentialAction":[{"@type":"SearchAction","target":{"@type":"EntryPoint","urlTemplate":"https:\/\/www.rg-civilengineering.com\/ca\/?s={search_term_string}"},"query-input":{"@type":"PropertyValueSpecification","valueRequired":true,"valueName":"search_term_string"}}],"inLanguage":"es"},{"@type":"Organization","@id":"https:\/\/www.rg-civilengineering.com\/ca\/#organization","name":"RG Civil Engineering","url":"https:\/\/www.rg-civilengineering.com\/ca\/","logo":{"@type":"ImageObject","inLanguage":"es","@id":"https:\/\/www.rg-civilengineering.com\/ca\/#\/schema\/logo\/image\/","url":"https:\/\/www.rg-civilengineering.com\/wp-content\/uploads\/rg-ipad-retina.png","contentUrl":"https:\/\/www.rg-civilengineering.com\/wp-content\/uploads\/rg-ipad-retina.png","width":144,"height":144,"caption":"RG Civil Engineering"},"image":{"@id":"https:\/\/www.rg-civilengineering.com\/ca\/#\/schema\/logo\/image\/"},"sameAs":["https:\/\/www.facebook.com\/RG.Civil.Engineering","https:\/\/x.com\/rg_barcelona","https:\/\/www.linkedin.com\/company\/rg-civil-engineering\/"]}]}},"jetpack_sharing_enabled":true,"jetpack_shortlink":"https:\/\/wp.me\/P3RyKH-I","_links":{"self":[{"href":"https:\/\/www.rg-civilengineering.com\/es\/wp-json\/wp\/v2\/pages\/44","targetHints":{"allow":["GET"]}}],"collection":[{"href":"https:\/\/www.rg-civilengineering.com\/es\/wp-json\/wp\/v2\/pages"}],"about":[{"href":"https:\/\/www.rg-civilengineering.com\/es\/wp-json\/wp\/v2\/types\/page"}],"author":[{"embeddable":true,"href":"https:\/\/www.rg-civilengineering.com\/es\/wp-json\/wp\/v2\/users\/2"}],"replies":[{"embeddable":true,"href":"https:\/\/www.rg-civilengineering.com\/es\/wp-json\/wp\/v2\/comments?post=44"}],"version-history":[{"count":0,"href":"https:\/\/www.rg-civilengineering.com\/es\/wp-json\/wp\/v2\/pages\/44\/revisions"}],"wp:attachment":[{"href":"https:\/\/www.rg-civilengineering.com\/es\/wp-json\/wp\/v2\/media?parent=44"}],"curies":[{"name":"wp","href":"https:\/\/api.w.org\/{rel}","templated":true}]}}