{"id":1486,"date":"2018-11-02T20:46:19","date_gmt":"2018-11-02T19:46:19","guid":{"rendered":"https:\/\/www.rg-civilengineering.com\/inici\/"},"modified":"2018-11-02T20:46:20","modified_gmt":"2018-11-02T19:46:20","slug":"inici","status":"publish","type":"page","link":"https:\/\/www.rg-civilengineering.com\/ca\/","title":{"rendered":"Inici"},"content":{"rendered":"<p><div class=\"fusion-fullwidth fullwidth-box fusion-builder-row-1 nonhundred-percent-fullwidth non-hundred-percent-height-scrolling\" style=\"--awb-border-radius-top-left:0px;--awb-border-radius-top-right:0px;--awb-border-radius-bottom-right:0px;--awb-border-radius-bottom-left:0px;--awb-flex-wrap:wrap;\" ><div class=\"fusion-builder-row fusion-row\"><div class=\"fusion-layout-column fusion_builder_column fusion-builder-column-0 fusion_builder_column_2_5 2_5 fusion-two-fifth fusion-column-first\" style=\"--awb-bg-size:cover;--awb-margin-bottom:0px;width:37.6%; margin-right: 4%;\"><div class=\"fusion-column-wrapper fusion-flex-column-wrapper-legacy\"><div class=\"fusion-slider-sc fusion-flexslider-loading flexslider flexslider-hover-type-none\" data-slideshow_autoplay=\"1\" data-slideshow_smooth_height=\"0\" data-slideshow_speed=\"7000\" style=\"max-width:100%;height:100%;\"><ul class=\"slides\"><li class=\"image\"><span class=\"fusion-image-hover-element hover-type-none\"><img decoding=\"async\" src=\"https:\/\/www.rg-civilengineering.com\/wp-content\/uploads\/RG_Civil_Engineering_C_32_Autopista_Pau_Casals_10-1200x800.jpg\" width=\"1200\" height=\"800\" \/><\/span><\/li><li class=\"image\"><span class=\"fusion-image-hover-element hover-type-none\"><img decoding=\"async\" src=\"https:\/\/www.rg-civilengineering.com\/wp-content\/uploads\/RG_Civil_Engineering_Tramvia_Barcelona_05-1200x800.jpg\" width=\"1200\" height=\"800\" \/><\/span><\/li><li class=\"image\"><span class=\"fusion-image-hover-element hover-type-none\"><img decoding=\"async\" src=\"https:\/\/www.rg-civilengineering.com\/wp-content\/uploads\/RG_Civil_Engineering_Cobertura_Ronda_Carles_III_01-1200x800.jpg\" width=\"1200\" height=\"800\" \/><\/span><\/li><li class=\"image\"><span class=\"fusion-image-hover-element hover-type-none\"><img decoding=\"async\" src=\"https:\/\/www.rg-civilengineering.com\/wp-content\/uploads\/RG_Civil_Engineering_Nus_de_la_Trinitat_01-1200x800.jpg\" width=\"1200\" height=\"800\" \/><\/span><\/li><li class=\"image\"><span class=\"fusion-image-hover-element hover-type-none\"><img decoding=\"async\" src=\"https:\/\/www.rg-civilengineering.com\/wp-content\/uploads\/RG_Civil_Engineering_L9_Barcelona_04-1200x800.jpg\" width=\"1200\" height=\"800\" \/><\/span><\/li><li class=\"image\"><span class=\"fusion-image-hover-element hover-type-none\"><img decoding=\"async\" src=\"https:\/\/www.rg-civilengineering.com\/wp-content\/uploads\/RG_Civil_Engineering_Cotxera_-Horta_Barcelona_03-1200x800.jpg\" width=\"1200\" height=\"800\" \/><\/span><\/li><li class=\"image\"><span class=\"fusion-image-hover-element hover-type-none\"><img decoding=\"async\" src=\"https:\/\/www.rg-civilengineering.com\/wp-content\/uploads\/RG_Civil_Engineering_Pont_Mobil_01-1200x800.jpg\" width=\"1200\" height=\"800\" \/><\/span><\/li><li class=\"image\"><span class=\"fusion-image-hover-element hover-type-none\"><img decoding=\"async\" src=\"https:\/\/www.rg-civilengineering.com\/wp-content\/uploads\/RG_Civil_Engineering_Port_Forum_03-1200x800.jpg\" width=\"1200\" height=\"800\" \/><\/span><\/li><li class=\"image\"><span class=\"fusion-image-hover-element hover-type-none\"><img decoding=\"async\" src=\"https:\/\/www.rg-civilengineering.com\/wp-content\/uploads\/RG_Civil_Engineering_CN_Vandellos_II_01-1200x800.jpg\" width=\"1200\" height=\"800\" \/><\/span><\/li><li class=\"image\"><span class=\"fusion-image-hover-element hover-type-none\"><img decoding=\"async\" src=\"https:\/\/www.rg-civilengineering.com\/wp-content\/uploads\/RG_Civil_Engineering_Dic_Trencones_Port_Tarragona_01-1200x800.jpg\" width=\"1200\" height=\"800\" \/><\/span><\/li><li class=\"image\"><span class=\"fusion-image-hover-element hover-type-none\"><img decoding=\"async\" src=\"https:\/\/www.rg-civilengineering.com\/wp-content\/uploads\/RG_Civil_Engineering_Presa_Rialb_Ponts_01-1200x800.jpg\" width=\"1200\" height=\"800\" \/><\/span><\/li><li class=\"image\"><span class=\"fusion-image-hover-element hover-type-none\"><img decoding=\"async\" src=\"https:\/\/www.rg-civilengineering.com\/wp-content\/uploads\/RG_Civil_Engineering_Canal_Urgell_10-1200x800.jpg\" width=\"1200\" height=\"800\" \/><\/span><\/li><li class=\"image\"><span class=\"fusion-image-hover-element hover-type-none\"><img decoding=\"async\" src=\"https:\/\/www.rg-civilengineering.com\/wp-content\/uploads\/RG_Civil_Engineering_Canal_Segarra_Garrigues_02-1200x800.jpg\" width=\"1200\" height=\"800\" \/><\/span><\/li><li class=\"image\"><span class=\"fusion-image-hover-element hover-type-none\"><img decoding=\"async\" src=\"https:\/\/www.rg-civilengineering.com\/wp-content\/uploads\/RG_Civil_Engineering_Port_Aventura_02-1200x800.jpg\" width=\"1200\" height=\"800\" \/><\/span><\/li><li class=\"image\"><span class=\"fusion-image-hover-element hover-type-none\"><img decoding=\"async\" src=\"https:\/\/www.rg-civilengineering.com\/wp-content\/uploads\/RG_Civil_Engineering_Front_Maritim_Barcelona_01-1200x800.jpg\" width=\"1200\" height=\"800\" \/><\/span><\/li><li class=\"image\"><span class=\"fusion-image-hover-element hover-type-none\"><img decoding=\"async\" src=\"https:\/\/www.rg-civilengineering.com\/wp-content\/uploads\/RG_Civil_Engineering_Parc_Nova_Icaria_Barcelona_01-1200x800.jpg\" width=\"1200\" height=\"800\" \/><\/span><\/li><li class=\"image\"><span class=\"fusion-image-hover-element hover-type-none\"><img decoding=\"async\" src=\"https:\/\/www.rg-civilengineering.com\/wp-content\/uploads\/RG_Civil_Engineering_Vila_Olimpica_Barcelona_01-1200x800.jpg\" width=\"1200\" height=\"800\" \/><\/span><\/li><\/ul><\/div><div class=\"fusion-text fusion-text-1\"><\/div><div class=\"fusion-clearfix\"><\/div><\/div><\/div><div class=\"fusion-layout-column fusion_builder_column fusion-builder-column-1 fusion_builder_column_2_5 2_5 fusion-two-fifth fusion-column-no-min-height\" style=\"--awb-bg-size:cover;--awb-margin-bottom:0px;width:37.6%; margin-right: 4%;\"><div class=\"fusion-column-wrapper fusion-flex-column-wrapper-legacy\"><div class=\"fusion-text fusion-text-2\"><div class=\"intro-home\"><span class=\"home-bold\">RG Civil Engineering \u00e9s una empresa de consultoria en l\u2019\u00e0mbit de l\u2019enginyeria civil, amb seu a barcelona. <\/span> El nostre camp d\u2019actuaci\u00f3 se centra en el disseny de projectes d\u2019 enginyeria civil i en la redacci\u00f3 d\u2019estudis de consultoria estrat\u00e8gica per empreses del sector de la construcci\u00f3 i gesti\u00f3 d\u2019infraestructures.<\/div>\n<\/div><div class=\"fusion-text fusion-text-3\"><\/div><div class=\"fusion-clearfix\"><\/div><\/div><\/div><div class=\"fusion-layout-column fusion_builder_column fusion-builder-column-2 fusion_builder_column_1_5 1_5 fusion-one-fifth fusion-column-last\" style=\"--awb-bg-size:cover;width:16.8%;\"><div class=\"fusion-column-wrapper fusion-flex-column-wrapper-legacy\"><div class=\"fusion-text fusion-text-4\"><div class=\"projects-sb\"><img decoding=\"async\" src=\"https:\/\/www.rg-civilengineering.com\/wp-content\/uploads\/proyectos-urbanismo-b.jpg\" alt=\"proyectos-urbanismo\" \/><img decoding=\"async\" src=\"https:\/\/www.rg-civilengineering.com\/wp-content\/uploads\/proyectos-agua-energia-b.jpg\" alt=\"proyectos-agua-energia\" \/><img decoding=\"async\" src=\"https:\/\/www.rg-civilengineering.com\/wp-content\/uploads\/proyectos-transporte-b.jpg\" alt=\"proyectos-transporte\" \/><a class=\"projects-button\" href=\"https:\/\/www.rg-civilengineering.com\/ca\/filosofia-i-bagatge\/\">PROJECTES<br \/>\nDESTACATS &gt;<\/a><\/div>\n<\/div><div class=\"fusion-clearfix\"><\/div><\/div><\/div>\n<\/div><\/div><div class=\"fusion-fullwidth fullwidth-box fusion-builder-row-2 hundred-percent-fullwidth non-hundred-percent-height-scrolling\" style=\"--awb-border-radius-top-left:0px;--awb-border-radius-top-right:0px;--awb-border-radius-bottom-right:0px;--awb-border-radius-bottom-left:0px;--awb-overflow:visible;--awb-flex-wrap:wrap;\" ><div class=\"fusion-builder-row fusion-row\"><div class=\"fusion-layout-column fusion_builder_column fusion-builder-column-3 fusion_builder_column_1_1 1_1 fusion-one-full fusion-column-first fusion-column-last\" style=\"--awb-bg-size:cover;\"><div class=\"fusion-column-wrapper fusion-flex-column-wrapper-legacy\"><div class=\"fusion-text fusion-text-5\"><div class=\"frase-home\">Projectes d&#8217;enginyeria civil<\/p>\n<div style=\"text-align: right !important;\">Estudis de consultoria estrat\u00e8gica<\/div>\n<\/div>\n<\/div><div class=\"fusion-clearfix\"><\/div><\/div><\/div><\/div><\/div><\/p>\n","protected":false},"excerpt":{"rendered":"","protected":false},"author":2,"featured_media":0,"parent":0,"menu_order":0,"comment_status":"closed","ping_status":"open","template":"","meta":{"footnotes":""},"class_list":["post-1486","page","type-page","status-publish","hentry"],"yoast_head":"<!-- This site is optimized with the Yoast SEO plugin v26.9 - https:\/\/yoast.com\/product\/yoast-seo-wordpress\/ -->\n<title>RG Civil Engineering | Consultoria en enginyeria civil<\/title>\n<meta name=\"description\" content=\"RG Civil Engineering \u00e9s una empresa de consultoria en l\u2019\u00e0mbit de l\u2019enginyeria civil, amb seu a Barcelona. Projectes d&#039;enginyeria civil i consultoria estrat\u00e8gica.\" \/>\n<meta name=\"robots\" content=\"index, follow, max-snippet:-1, max-image-preview:large, max-video-preview:-1\" \/>\n<link rel=\"canonical\" href=\"https:\/\/www.rg-civilengineering.com\/ca\/\" \/>\n<meta property=\"og:locale\" content=\"ca_ES\" \/>\n<meta property=\"og:type\" content=\"article\" \/>\n<meta property=\"og:title\" content=\"RG Civil Engineering | Consultoria en enginyeria civil\" \/>\n<meta property=\"og:description\" content=\"RG Civil Engineering \u00e9s una empresa de consultoria en l\u2019\u00e0mbit de l\u2019enginyeria civil, amb seu a Barcelona. Projectes d&#039;enginyeria civil i consultoria estrat\u00e8gica.\" \/>\n<meta property=\"og:url\" content=\"https:\/\/www.rg-civilengineering.com\/ca\/\" \/>\n<meta property=\"og:site_name\" content=\"RG Civil Engineering\" \/>\n<meta property=\"article:publisher\" content=\"https:\/\/www.facebook.com\/RG.Civil.Engineering\" \/>\n<meta property=\"article:modified_time\" content=\"2018-11-02T19:46:20+00:00\" \/>\n<meta name=\"twitter:label1\" content=\"Temps estimat de lectura\" \/>\n\t<meta name=\"twitter:data1\" content=\"4 minuts\" \/>\n<script type=\"application\/ld+json\" class=\"yoast-schema-graph\">{\"@context\":\"https:\/\/schema.org\",\"@graph\":[{\"@type\":\"WebPage\",\"@id\":\"https:\/\/www.rg-civilengineering.com\/ca\/\",\"url\":\"https:\/\/www.rg-civilengineering.com\/ca\/\",\"name\":\"RG Civil Engineering | Consultoria en enginyeria civil\",\"isPartOf\":{\"@id\":\"https:\/\/www.rg-civilengineering.com\/ca\/#website\"},\"datePublished\":\"2018-11-02T19:46:19+00:00\",\"dateModified\":\"2018-11-02T19:46:20+00:00\",\"description\":\"RG Civil Engineering \u00e9s una empresa de consultoria en l\u2019\u00e0mbit de l\u2019enginyeria civil, amb seu a Barcelona. Projectes d'enginyeria civil i consultoria estrat\u00e8gica.\",\"inLanguage\":\"ca\",\"potentialAction\":[{\"@type\":\"ReadAction\",\"target\":[\"https:\/\/www.rg-civilengineering.com\/ca\/\"]}]},{\"@type\":\"WebSite\",\"@id\":\"https:\/\/www.rg-civilengineering.com\/ca\/#website\",\"url\":\"https:\/\/www.rg-civilengineering.com\/ca\/\",\"name\":\"RG Civil Engineering\",\"description\":\"Consultor\u00eda en Ingenier\u00eda Civil\",\"publisher\":{\"@id\":\"https:\/\/www.rg-civilengineering.com\/ca\/#organization\"},\"potentialAction\":[{\"@type\":\"SearchAction\",\"target\":{\"@type\":\"EntryPoint\",\"urlTemplate\":\"https:\/\/www.rg-civilengineering.com\/ca\/?s={search_term_string}\"},\"query-input\":{\"@type\":\"PropertyValueSpecification\",\"valueRequired\":true,\"valueName\":\"search_term_string\"}}],\"inLanguage\":\"ca\"},{\"@type\":\"Organization\",\"@id\":\"https:\/\/www.rg-civilengineering.com\/ca\/#organization\",\"name\":\"RG Civil Engineering\",\"url\":\"https:\/\/www.rg-civilengineering.com\/ca\/\",\"logo\":{\"@type\":\"ImageObject\",\"inLanguage\":\"ca\",\"@id\":\"https:\/\/www.rg-civilengineering.com\/ca\/#\/schema\/logo\/image\/\",\"url\":\"https:\/\/www.rg-civilengineering.com\/wp-content\/uploads\/rg-ipad-retina.png\",\"contentUrl\":\"https:\/\/www.rg-civilengineering.com\/wp-content\/uploads\/rg-ipad-retina.png\",\"width\":144,\"height\":144,\"caption\":\"RG Civil Engineering\"},\"image\":{\"@id\":\"https:\/\/www.rg-civilengineering.com\/ca\/#\/schema\/logo\/image\/\"},\"sameAs\":[\"https:\/\/www.facebook.com\/RG.Civil.Engineering\",\"https:\/\/x.com\/rg_barcelona\",\"https:\/\/www.linkedin.com\/company\/rg-civil-engineering\/\"]}]}<\/script>\n<!-- \/ Yoast SEO plugin. -->","yoast_head_json":{"title":"RG Civil Engineering | Consultoria en enginyeria civil","description":"RG Civil Engineering \u00e9s una empresa de consultoria en l\u2019\u00e0mbit de l\u2019enginyeria civil, amb seu a Barcelona. Projectes d'enginyeria civil i consultoria estrat\u00e8gica.","robots":{"index":"index","follow":"follow","max-snippet":"max-snippet:-1","max-image-preview":"max-image-preview:large","max-video-preview":"max-video-preview:-1"},"canonical":"https:\/\/www.rg-civilengineering.com\/ca\/","og_locale":"ca_ES","og_type":"article","og_title":"RG Civil Engineering | Consultoria en enginyeria civil","og_description":"RG Civil Engineering \u00e9s una empresa de consultoria en l\u2019\u00e0mbit de l\u2019enginyeria civil, amb seu a Barcelona. Projectes d'enginyeria civil i consultoria estrat\u00e8gica.","og_url":"https:\/\/www.rg-civilengineering.com\/ca\/","og_site_name":"RG Civil Engineering","article_publisher":"https:\/\/www.facebook.com\/RG.Civil.Engineering","article_modified_time":"2018-11-02T19:46:20+00:00","twitter_misc":{"Temps estimat de lectura":"4 minuts"},"schema":{"@context":"https:\/\/schema.org","@graph":[{"@type":"WebPage","@id":"https:\/\/www.rg-civilengineering.com\/ca\/","url":"https:\/\/www.rg-civilengineering.com\/ca\/","name":"RG Civil Engineering | Consultoria en enginyeria civil","isPartOf":{"@id":"https:\/\/www.rg-civilengineering.com\/ca\/#website"},"datePublished":"2018-11-02T19:46:19+00:00","dateModified":"2018-11-02T19:46:20+00:00","description":"RG Civil Engineering \u00e9s una empresa de consultoria en l\u2019\u00e0mbit de l\u2019enginyeria civil, amb seu a Barcelona. Projectes d'enginyeria civil i consultoria estrat\u00e8gica.","inLanguage":"ca","potentialAction":[{"@type":"ReadAction","target":["https:\/\/www.rg-civilengineering.com\/ca\/"]}]},{"@type":"WebSite","@id":"https:\/\/www.rg-civilengineering.com\/ca\/#website","url":"https:\/\/www.rg-civilengineering.com\/ca\/","name":"RG Civil Engineering","description":"Consultor\u00eda en Ingenier\u00eda Civil","publisher":{"@id":"https:\/\/www.rg-civilengineering.com\/ca\/#organization"},"potentialAction":[{"@type":"SearchAction","target":{"@type":"EntryPoint","urlTemplate":"https:\/\/www.rg-civilengineering.com\/ca\/?s={search_term_string}"},"query-input":{"@type":"PropertyValueSpecification","valueRequired":true,"valueName":"search_term_string"}}],"inLanguage":"ca"},{"@type":"Organization","@id":"https:\/\/www.rg-civilengineering.com\/ca\/#organization","name":"RG Civil Engineering","url":"https:\/\/www.rg-civilengineering.com\/ca\/","logo":{"@type":"ImageObject","inLanguage":"ca","@id":"https:\/\/www.rg-civilengineering.com\/ca\/#\/schema\/logo\/image\/","url":"https:\/\/www.rg-civilengineering.com\/wp-content\/uploads\/rg-ipad-retina.png","contentUrl":"https:\/\/www.rg-civilengineering.com\/wp-content\/uploads\/rg-ipad-retina.png","width":144,"height":144,"caption":"RG Civil Engineering"},"image":{"@id":"https:\/\/www.rg-civilengineering.com\/ca\/#\/schema\/logo\/image\/"},"sameAs":["https:\/\/www.facebook.com\/RG.Civil.Engineering","https:\/\/x.com\/rg_barcelona","https:\/\/www.linkedin.com\/company\/rg-civil-engineering\/"]}]}},"jetpack_sharing_enabled":true,"jetpack_shortlink":"https:\/\/wp.me\/P3RyKH-nY","_links":{"self":[{"href":"https:\/\/www.rg-civilengineering.com\/ca\/wp-json\/wp\/v2\/pages\/1486","targetHints":{"allow":["GET"]}}],"collection":[{"href":"https:\/\/www.rg-civilengineering.com\/ca\/wp-json\/wp\/v2\/pages"}],"about":[{"href":"https:\/\/www.rg-civilengineering.com\/ca\/wp-json\/wp\/v2\/types\/page"}],"author":[{"embeddable":true,"href":"https:\/\/www.rg-civilengineering.com\/ca\/wp-json\/wp\/v2\/users\/2"}],"replies":[{"embeddable":true,"href":"https:\/\/www.rg-civilengineering.com\/ca\/wp-json\/wp\/v2\/comments?post=1486"}],"version-history":[{"count":0,"href":"https:\/\/www.rg-civilengineering.com\/ca\/wp-json\/wp\/v2\/pages\/1486\/revisions"}],"wp:attachment":[{"href":"https:\/\/www.rg-civilengineering.com\/ca\/wp-json\/wp\/v2\/media?parent=1486"}],"curies":[{"name":"wp","href":"https:\/\/api.w.org\/{rel}","templated":true}]}}