{"id":1472,"date":"2018-11-02T20:33:21","date_gmt":"2018-11-02T19:33:21","guid":{"rendered":"https:\/\/www.rg-civilengineering.com\/?page_id=1472"},"modified":"2018-11-03T08:36:49","modified_gmt":"2018-11-03T07:36:49","slug":"filosofia-i-bagatge","status":"publish","type":"page","link":"https:\/\/www.rg-civilengineering.com\/ca\/filosofia-i-bagatge\/","title":{"rendered":"Filosofia i bagatge"},"content":{"rendered":"<p><div class=\"fusion-fullwidth fullwidth-box fusion-builder-row-1 nonhundred-percent-fullwidth non-hundred-percent-height-scrolling fusion-equal-height-columns\" style=\"--awb-border-radius-top-left:0px;--awb-border-radius-top-right:0px;--awb-border-radius-bottom-right:0px;--awb-border-radius-bottom-left:0px;--awb-flex-wrap:wrap;\" ><div class=\"fusion-builder-row fusion-row\"><div class=\"fusion-layout-column fusion_builder_column fusion-builder-column-0 fusion_builder_column_1_4 1_4 fusion-one-fourth fusion-column-first\" style=\"--awb-bg-color:#c6c6c5;--awb-bg-color-hover:#c6c6c5;--awb-bg-size:cover;width:25%;width:calc(25% - ( ( 1% + 1% + 1% ) * 0.25 ) );margin-right: 1%;\"><div class=\"fusion-column-wrapper fusion-flex-column-wrapper-legacy\"><div class=\"fusion-column-content-centered\"><div class=\"fusion-column-content\"><div class=\"fusion-text fusion-text-1 projectsBox\"><p style=\"margin: 0; font-size: 13px;\">Principals Projectes Realitzats<\/p>\n<\/div><\/div><\/div><div class=\"fusion-clearfix\"><\/div><\/div><\/div><div class=\"fusion-layout-column fusion_builder_column fusion-builder-column-1 fusion_builder_column_1_4 1_4 fusion-one-fourth\" style=\"--awb-bg-size:cover;width:25%;width:calc(25% - ( ( 1% + 1% + 1% ) * 0.25 ) );margin-right: 1%;\"><div class=\"fusion-column-wrapper fusion-flex-column-wrapper-legacy\"><div class=\"fusion-column-content-centered\"><div class=\"fusion-column-content\"><div class=\"fusion-image-element in-legacy-container\" style=\"--awb-liftup-border-radius:0px;--awb-caption-title-font-family:var(--h2_typography-font-family);--awb-caption-title-font-weight:var(--h2_typography-font-weight);--awb-caption-title-font-style:var(--h2_typography-font-style);--awb-caption-title-size:var(--h2_typography-font-size);--awb-caption-title-transform:var(--h2_typography-text-transform);--awb-caption-title-line-height:var(--h2_typography-line-height);--awb-caption-title-letter-spacing:var(--h2_typography-letter-spacing);\"><div class=\"awb-image-frame awb-image-frame-1 imageframe-liftup\"><span class=\" fusion-imageframe imageframe-none imageframe-1\"><a class=\"fusion-no-lightbox\" href=\"https:\/\/www.rg-civilengineering.com\/ca\/filosofia-i-bagatge\/autopista-c-32-pau-casals\/\" target=\"_self\" aria-label=\"rg-estructuras-transporte-cat\"><img decoding=\"async\" width=\"934\" height=\"396\" src=\"https:\/\/www.rg-civilengineering.com\/wp-content\/uploads\/rg-estructuras-transporte-cat.jpg\" alt class=\"img-responsive wp-image-1511\" srcset=\"https:\/\/www.rg-civilengineering.com\/wp-content\/uploads\/rg-estructuras-transporte-cat-200x85.jpg 200w, https:\/\/www.rg-civilengineering.com\/wp-content\/uploads\/rg-estructuras-transporte-cat-400x170.jpg 400w, https:\/\/www.rg-civilengineering.com\/wp-content\/uploads\/rg-estructuras-transporte-cat-600x254.jpg 600w, https:\/\/www.rg-civilengineering.com\/wp-content\/uploads\/rg-estructuras-transporte-cat-800x339.jpg 800w, https:\/\/www.rg-civilengineering.com\/wp-content\/uploads\/rg-estructuras-transporte-cat.jpg 934w\" sizes=\"(max-width: 800px) 100vw, 400px\" \/><\/a><\/span><\/div><\/div><\/div><\/div><div class=\"fusion-clearfix\"><\/div><\/div><\/div><div class=\"fusion-layout-column fusion_builder_column fusion-builder-column-2 fusion_builder_column_1_4 1_4 fusion-one-fourth\" style=\"--awb-bg-size:cover;width:25%;width:calc(25% - ( ( 1% + 1% + 1% ) * 0.25 ) );margin-right: 1%;\"><div class=\"fusion-column-wrapper fusion-flex-column-wrapper-legacy\"><div class=\"fusion-column-content-centered\"><div class=\"fusion-column-content\"><div class=\"fusion-image-element in-legacy-container\" style=\"--awb-liftup-border-radius:0px;--awb-caption-title-font-family:var(--h2_typography-font-family);--awb-caption-title-font-weight:var(--h2_typography-font-weight);--awb-caption-title-font-style:var(--h2_typography-font-style);--awb-caption-title-size:var(--h2_typography-font-size);--awb-caption-title-transform:var(--h2_typography-text-transform);--awb-caption-title-line-height:var(--h2_typography-line-height);--awb-caption-title-letter-spacing:var(--h2_typography-letter-spacing);\"><div class=\"awb-image-frame awb-image-frame-2 imageframe-liftup\"><span class=\" fusion-imageframe imageframe-none imageframe-2\"><a class=\"fusion-no-lightbox\" href=\"https:\/\/www.rg-civilengineering.com\/ca\/filosofia-i-bagatge\/pont-mobil-del-port-de-tarragona\/\" target=\"_self\" aria-label=\"rg-agua-energia-cat\"><img decoding=\"async\" width=\"934\" height=\"396\" src=\"https:\/\/www.rg-civilengineering.com\/wp-content\/uploads\/rg-agua-energia-cat.jpg\" alt class=\"img-responsive wp-image-1508\" srcset=\"https:\/\/www.rg-civilengineering.com\/wp-content\/uploads\/rg-agua-energia-cat-200x85.jpg 200w, https:\/\/www.rg-civilengineering.com\/wp-content\/uploads\/rg-agua-energia-cat-400x170.jpg 400w, https:\/\/www.rg-civilengineering.com\/wp-content\/uploads\/rg-agua-energia-cat-600x254.jpg 600w, https:\/\/www.rg-civilengineering.com\/wp-content\/uploads\/rg-agua-energia-cat-800x339.jpg 800w, https:\/\/www.rg-civilengineering.com\/wp-content\/uploads\/rg-agua-energia-cat.jpg 934w\" sizes=\"(max-width: 800px) 100vw, 400px\" \/><\/a><\/span><\/div><\/div><\/div><\/div><div class=\"fusion-clearfix\"><\/div><\/div><\/div><div class=\"fusion-layout-column fusion_builder_column fusion-builder-column-3 fusion_builder_column_1_4 1_4 fusion-one-fourth fusion-column-last\" style=\"--awb-bg-size:cover;width:25%;width:calc(25% - ( ( 1% + 1% + 1% ) * 0.25 ) );\"><div class=\"fusion-column-wrapper fusion-flex-column-wrapper-legacy\"><div class=\"fusion-column-content-centered\"><div class=\"fusion-column-content\"><div class=\"fusion-image-element in-legacy-container\" style=\"--awb-liftup-border-radius:0px;--awb-caption-title-font-family:var(--h2_typography-font-family);--awb-caption-title-font-weight:var(--h2_typography-font-weight);--awb-caption-title-font-style:var(--h2_typography-font-style);--awb-caption-title-size:var(--h2_typography-font-size);--awb-caption-title-transform:var(--h2_typography-text-transform);--awb-caption-title-line-height:var(--h2_typography-line-height);--awb-caption-title-letter-spacing:var(--h2_typography-letter-spacing);\"><div class=\"awb-image-frame awb-image-frame-3 imageframe-liftup\"><span class=\" fusion-imageframe imageframe-none imageframe-3\"><a class=\"fusion-no-lightbox\" href=\"https:\/\/www.rg-civilengineering.com\/ca\/filosofia-i-bagatge\/facana-maritima-de-barcelona\/\" target=\"_self\" aria-label=\"rg-urbanismo-cat\"><img decoding=\"async\" width=\"934\" height=\"396\" src=\"https:\/\/www.rg-civilengineering.com\/wp-content\/uploads\/rg-urbanismo-cat.jpg\" alt class=\"img-responsive wp-image-1505\" srcset=\"https:\/\/www.rg-civilengineering.com\/wp-content\/uploads\/rg-urbanismo-cat-200x85.jpg 200w, https:\/\/www.rg-civilengineering.com\/wp-content\/uploads\/rg-urbanismo-cat-400x170.jpg 400w, https:\/\/www.rg-civilengineering.com\/wp-content\/uploads\/rg-urbanismo-cat-600x254.jpg 600w, https:\/\/www.rg-civilengineering.com\/wp-content\/uploads\/rg-urbanismo-cat-800x339.jpg 800w, https:\/\/www.rg-civilengineering.com\/wp-content\/uploads\/rg-urbanismo-cat.jpg 934w\" sizes=\"(max-width: 800px) 100vw, 400px\" \/><\/a><\/span><\/div><\/div><\/div><\/div><div class=\"fusion-clearfix\"><\/div><\/div><\/div><\/div><\/div>\n<div class=\"fusion-fullwidth fullwidth-box fusion-builder-row-2 nonhundred-percent-fullwidth non-hundred-percent-height-scrolling\" style=\"--awb-border-radius-top-left:0px;--awb-border-radius-top-right:0px;--awb-border-radius-bottom-right:0px;--awb-border-radius-bottom-left:0px;--awb-flex-wrap:wrap;\" ><div class=\"fusion-builder-row fusion-row\"><div class=\"fusion-layout-column fusion_builder_column fusion-builder-column-4 fusion_builder_column_2_5 2_5 fusion-two-fifth fusion-column-first\" style=\"--awb-bg-size:cover;width:40%;width:calc(40% - ( ( 2% ) * 0.4 ) );margin-right: 2%;\"><div class=\"fusion-column-wrapper fusion-flex-column-wrapper-legacy\"><div class=\"fusion-image-element in-legacy-container\" style=\"--awb-caption-title-font-family:var(--h2_typography-font-family);--awb-caption-title-font-weight:var(--h2_typography-font-weight);--awb-caption-title-font-style:var(--h2_typography-font-style);--awb-caption-title-size:var(--h2_typography-font-size);--awb-caption-title-transform:var(--h2_typography-text-transform);--awb-caption-title-line-height:var(--h2_typography-line-height);--awb-caption-title-letter-spacing:var(--h2_typography-letter-spacing);\"><span class=\" fusion-imageframe imageframe-none imageframe-4 hover-type-none\"><img decoding=\"async\" width=\"800\" height=\"523\" title=\"RG_Civil_Engineering_filosofia_bagaje\" src=\"https:\/\/www.rg-civilengineering.com\/wp-content\/uploads\/RG_Civil_Engineering_filosofia_bagaje.jpg\" alt class=\"img-responsive wp-image-210\" srcset=\"https:\/\/www.rg-civilengineering.com\/wp-content\/uploads\/RG_Civil_Engineering_filosofia_bagaje-200x131.jpg 200w, https:\/\/www.rg-civilengineering.com\/wp-content\/uploads\/RG_Civil_Engineering_filosofia_bagaje-400x262.jpg 400w, https:\/\/www.rg-civilengineering.com\/wp-content\/uploads\/RG_Civil_Engineering_filosofia_bagaje-600x392.jpg 600w, https:\/\/www.rg-civilengineering.com\/wp-content\/uploads\/RG_Civil_Engineering_filosofia_bagaje.jpg 800w\" sizes=\"(max-width: 800px) 100vw, 600px\" \/><\/span><\/div><div class=\"fusion-clearfix\"><\/div><\/div><\/div><div class=\"fusion-layout-column fusion_builder_column fusion-builder-column-5 fusion_builder_column_3_5 3_5 fusion-three-fifth fusion-column-last\" style=\"--awb-bg-size:cover;width:60%;width:calc(60% - ( ( 2% ) * 0.6 ) );\"><div class=\"fusion-column-wrapper fusion-flex-column-wrapper-legacy\"><div class=\"fusion-text fusion-text-2\"><div class=\"subtitulo\">Tradici\u00f3 i innovaci\u00f3<\/div>\n<\/div><div class=\"fusion-text fusion-text-3\"><p style=\"text-align: justify;\">RG Civil Engineering \u00e9s una empresa tecnol\u00f2gica que t\u00e9 per objecte potenciar la innovaci\u00f3 en el sector de l\u2019enginyeria civil, les infraestructures i l\u2019energia.<\/p>\n<p style=\"text-align: justify;\">Partim del factor diferencial que constitueix sempre el capital hum\u00e0 en tota empresa humana, doncs s\u00f3n les persones concretes les qui disposen de les eines, el criteri i la visi\u00f3 necess\u00e0ries per a donar resposta als desafiaments tecnol\u00f2gics del present aix\u00ed com als reptes que la societat planteja per al futur. Estimem que el factor personal i los valors que d\u2019ell se\u2019n deriven s\u00f3n els elements decisius per a garantir l\u2019\u00e8xit de tota iniciativa.<\/p>\n<p style=\"text-align: justify;\">Estudiem la soluci\u00f3 adequada per a cada cas partint de les particularitats que el condicionen, en un sector en el que necess\u00e0riament cada projecte constitueix un prototip, espec\u00edficament dissenyat tenint en compte la seva idiosincr\u00e0sia i la integraci\u00f3 mediambiental, social i est\u00e8tica del mateix.<\/p>\n<p style=\"text-align: justify;\">Les persones de l\u2019equip d\u2019RG Civil Engineering estimems convenient posar l\u2019ampli bagatge i experi\u00e8ncia acumulada al servei de la societat i de l\u2019home, d\u2019acord amb les demandes socials i necessitats presents de les persones i les empreses, inspirats per el lema que el matem\u00e0tic i professor de l\u2019escola de negocis de la Universitat de Harvard, Howard Stevenson, sintetitz\u00e0 en l\u2019eloq\u00fcent expressi\u00f3 \u201cLive the ripple\u201d.<\/p>\n<p style=\"text-align: justify;\">Cal esmentar que el sector de l\u2019Enginyeria Civil a Espanya tradicionalment ha gaudit d\u2019alt prestigi per el seu alt\u00edssim nivell d\u2019exig\u00e8ncia i per l\u2019esperit cr\u00edtic i creatiu dels seus egressats, amb Escoles com les de Barcelona, Madrid i Santander entre les millors i m\u00e9s avan\u00e7ades del m\u00f3n, i que ja des dels seus inicis don\u00e0 figures trasdendentals com les d\u2019Ildefons Cerd\u00e0, Eduard Saavedra, Jos\u00e9 Echegaray, Eduardo Torroja, Leonardo Torres Quevedo, o m\u00e9s recentement eminents personalitats com les de Victoriano Mu\u00f1oz Homs o Carlos Fern\u00e1ndez Casado.<\/p>\n<\/div><div class=\"fusion-clearfix\"><\/div><\/div><\/div><\/div><\/div><\/p>\n","protected":false},"excerpt":{"rendered":"","protected":false},"author":2,"featured_media":0,"parent":0,"menu_order":4,"comment_status":"closed","ping_status":"closed","template":"","meta":{"footnotes":""},"class_list":["post-1472","page","type-page","status-publish","hentry"],"yoast_head":"<!-- This site is optimized with the Yoast SEO plugin v26.9 - https:\/\/yoast.com\/product\/yoast-seo-wordpress\/ -->\n<title>Filosofia i bagatge | RG Civil Engineering<\/title>\n<meta name=\"description\" content=\"RG Civil Engineering \u00e9s una empresa tecnol\u00f2gica que t\u00e9 per objecte potenciar la innovaci\u00f3 en el sector de l\u2019enginyeria civil, les infraestructures i l\u2019energia.\" \/>\n<meta name=\"robots\" content=\"index, follow, max-snippet:-1, max-image-preview:large, max-video-preview:-1\" \/>\n<link rel=\"canonical\" href=\"https:\/\/www.rg-civilengineering.com\/ca\/filosofia-i-bagatge\/\" \/>\n<meta property=\"og:locale\" content=\"ca_ES\" \/>\n<meta property=\"og:type\" content=\"article\" \/>\n<meta property=\"og:title\" content=\"Filosofia i bagatge | RG Civil Engineering\" \/>\n<meta property=\"og:description\" content=\"RG Civil Engineering \u00e9s una empresa tecnol\u00f2gica que t\u00e9 per objecte potenciar la innovaci\u00f3 en el sector de l\u2019enginyeria civil, les infraestructures i l\u2019energia.\" \/>\n<meta property=\"og:url\" content=\"https:\/\/www.rg-civilengineering.com\/ca\/filosofia-i-bagatge\/\" \/>\n<meta property=\"og:site_name\" content=\"RG Civil Engineering\" \/>\n<meta property=\"article:publisher\" content=\"https:\/\/www.facebook.com\/RG.Civil.Engineering\" \/>\n<meta property=\"article:modified_time\" content=\"2018-11-03T07:36:49+00:00\" \/>\n<meta name=\"twitter:label1\" content=\"Temps estimat de lectura\" \/>\n\t<meta name=\"twitter:data1\" content=\"4 minuts\" \/>\n<script type=\"application\/ld+json\" class=\"yoast-schema-graph\">{\"@context\":\"https:\/\/schema.org\",\"@graph\":[{\"@type\":\"WebPage\",\"@id\":\"https:\/\/www.rg-civilengineering.com\/ca\/filosofia-i-bagatge\/\",\"url\":\"https:\/\/www.rg-civilengineering.com\/ca\/filosofia-i-bagatge\/\",\"name\":\"Filosofia i bagatge | RG Civil Engineering\",\"isPartOf\":{\"@id\":\"https:\/\/www.rg-civilengineering.com\/ca\/#website\"},\"datePublished\":\"2018-11-02T19:33:21+00:00\",\"dateModified\":\"2018-11-03T07:36:49+00:00\",\"description\":\"RG Civil Engineering \u00e9s una empresa tecnol\u00f2gica que t\u00e9 per objecte potenciar la innovaci\u00f3 en el sector de l\u2019enginyeria civil, les infraestructures i l\u2019energia.\",\"inLanguage\":\"ca\",\"potentialAction\":[{\"@type\":\"ReadAction\",\"target\":[\"https:\/\/www.rg-civilengineering.com\/ca\/filosofia-i-bagatge\/\"]}]},{\"@type\":\"WebSite\",\"@id\":\"https:\/\/www.rg-civilengineering.com\/ca\/#website\",\"url\":\"https:\/\/www.rg-civilengineering.com\/ca\/\",\"name\":\"RG Civil Engineering\",\"description\":\"Consultor\u00eda en Ingenier\u00eda Civil\",\"publisher\":{\"@id\":\"https:\/\/www.rg-civilengineering.com\/ca\/#organization\"},\"potentialAction\":[{\"@type\":\"SearchAction\",\"target\":{\"@type\":\"EntryPoint\",\"urlTemplate\":\"https:\/\/www.rg-civilengineering.com\/ca\/?s={search_term_string}\"},\"query-input\":{\"@type\":\"PropertyValueSpecification\",\"valueRequired\":true,\"valueName\":\"search_term_string\"}}],\"inLanguage\":\"ca\"},{\"@type\":\"Organization\",\"@id\":\"https:\/\/www.rg-civilengineering.com\/ca\/#organization\",\"name\":\"RG Civil Engineering\",\"url\":\"https:\/\/www.rg-civilengineering.com\/ca\/\",\"logo\":{\"@type\":\"ImageObject\",\"inLanguage\":\"ca\",\"@id\":\"https:\/\/www.rg-civilengineering.com\/ca\/#\/schema\/logo\/image\/\",\"url\":\"https:\/\/www.rg-civilengineering.com\/wp-content\/uploads\/rg-ipad-retina.png\",\"contentUrl\":\"https:\/\/www.rg-civilengineering.com\/wp-content\/uploads\/rg-ipad-retina.png\",\"width\":144,\"height\":144,\"caption\":\"RG Civil Engineering\"},\"image\":{\"@id\":\"https:\/\/www.rg-civilengineering.com\/ca\/#\/schema\/logo\/image\/\"},\"sameAs\":[\"https:\/\/www.facebook.com\/RG.Civil.Engineering\",\"https:\/\/x.com\/rg_barcelona\",\"https:\/\/www.linkedin.com\/company\/rg-civil-engineering\/\"]}]}<\/script>\n<!-- \/ Yoast SEO plugin. -->","yoast_head_json":{"title":"Filosofia i bagatge | RG Civil Engineering","description":"RG Civil Engineering \u00e9s una empresa tecnol\u00f2gica que t\u00e9 per objecte potenciar la innovaci\u00f3 en el sector de l\u2019enginyeria civil, les infraestructures i l\u2019energia.","robots":{"index":"index","follow":"follow","max-snippet":"max-snippet:-1","max-image-preview":"max-image-preview:large","max-video-preview":"max-video-preview:-1"},"canonical":"https:\/\/www.rg-civilengineering.com\/ca\/filosofia-i-bagatge\/","og_locale":"ca_ES","og_type":"article","og_title":"Filosofia i bagatge | RG Civil Engineering","og_description":"RG Civil Engineering \u00e9s una empresa tecnol\u00f2gica que t\u00e9 per objecte potenciar la innovaci\u00f3 en el sector de l\u2019enginyeria civil, les infraestructures i l\u2019energia.","og_url":"https:\/\/www.rg-civilengineering.com\/ca\/filosofia-i-bagatge\/","og_site_name":"RG Civil Engineering","article_publisher":"https:\/\/www.facebook.com\/RG.Civil.Engineering","article_modified_time":"2018-11-03T07:36:49+00:00","twitter_misc":{"Temps estimat de lectura":"4 minuts"},"schema":{"@context":"https:\/\/schema.org","@graph":[{"@type":"WebPage","@id":"https:\/\/www.rg-civilengineering.com\/ca\/filosofia-i-bagatge\/","url":"https:\/\/www.rg-civilengineering.com\/ca\/filosofia-i-bagatge\/","name":"Filosofia i bagatge | RG Civil Engineering","isPartOf":{"@id":"https:\/\/www.rg-civilengineering.com\/ca\/#website"},"datePublished":"2018-11-02T19:33:21+00:00","dateModified":"2018-11-03T07:36:49+00:00","description":"RG Civil Engineering \u00e9s una empresa tecnol\u00f2gica que t\u00e9 per objecte potenciar la innovaci\u00f3 en el sector de l\u2019enginyeria civil, les infraestructures i l\u2019energia.","inLanguage":"ca","potentialAction":[{"@type":"ReadAction","target":["https:\/\/www.rg-civilengineering.com\/ca\/filosofia-i-bagatge\/"]}]},{"@type":"WebSite","@id":"https:\/\/www.rg-civilengineering.com\/ca\/#website","url":"https:\/\/www.rg-civilengineering.com\/ca\/","name":"RG Civil Engineering","description":"Consultor\u00eda en Ingenier\u00eda Civil","publisher":{"@id":"https:\/\/www.rg-civilengineering.com\/ca\/#organization"},"potentialAction":[{"@type":"SearchAction","target":{"@type":"EntryPoint","urlTemplate":"https:\/\/www.rg-civilengineering.com\/ca\/?s={search_term_string}"},"query-input":{"@type":"PropertyValueSpecification","valueRequired":true,"valueName":"search_term_string"}}],"inLanguage":"ca"},{"@type":"Organization","@id":"https:\/\/www.rg-civilengineering.com\/ca\/#organization","name":"RG Civil Engineering","url":"https:\/\/www.rg-civilengineering.com\/ca\/","logo":{"@type":"ImageObject","inLanguage":"ca","@id":"https:\/\/www.rg-civilengineering.com\/ca\/#\/schema\/logo\/image\/","url":"https:\/\/www.rg-civilengineering.com\/wp-content\/uploads\/rg-ipad-retina.png","contentUrl":"https:\/\/www.rg-civilengineering.com\/wp-content\/uploads\/rg-ipad-retina.png","width":144,"height":144,"caption":"RG Civil Engineering"},"image":{"@id":"https:\/\/www.rg-civilengineering.com\/ca\/#\/schema\/logo\/image\/"},"sameAs":["https:\/\/www.facebook.com\/RG.Civil.Engineering","https:\/\/x.com\/rg_barcelona","https:\/\/www.linkedin.com\/company\/rg-civil-engineering\/"]}]}},"jetpack_sharing_enabled":true,"jetpack_shortlink":"https:\/\/wp.me\/P3RyKH-nK","_links":{"self":[{"href":"https:\/\/www.rg-civilengineering.com\/ca\/wp-json\/wp\/v2\/pages\/1472","targetHints":{"allow":["GET"]}}],"collection":[{"href":"https:\/\/www.rg-civilengineering.com\/ca\/wp-json\/wp\/v2\/pages"}],"about":[{"href":"https:\/\/www.rg-civilengineering.com\/ca\/wp-json\/wp\/v2\/types\/page"}],"author":[{"embeddable":true,"href":"https:\/\/www.rg-civilengineering.com\/ca\/wp-json\/wp\/v2\/users\/2"}],"replies":[{"embeddable":true,"href":"https:\/\/www.rg-civilengineering.com\/ca\/wp-json\/wp\/v2\/comments?post=1472"}],"version-history":[{"count":0,"href":"https:\/\/www.rg-civilengineering.com\/ca\/wp-json\/wp\/v2\/pages\/1472\/revisions"}],"wp:attachment":[{"href":"https:\/\/www.rg-civilengineering.com\/ca\/wp-json\/wp\/v2\/media?parent=1472"}],"curies":[{"name":"wp","href":"https:\/\/api.w.org\/{rel}","templated":true}]}}